{"id":18,"date":"2018-10-04T16:08:41","date_gmt":"2018-10-04T16:08:41","guid":{"rendered":"http:\/\/www.adventure-zone.hr\/de\/?page_id=18"},"modified":"2018-10-04T18:26:03","modified_gmt":"2018-10-04T18:26:03","slug":"kontaktiere-uns","status":"publish","type":"page","link":"http:\/\/www.adventure-zone.hr\/de\/kontaktiere-uns\/","title":{"rendered":"Kontaktiere uns"},"content":{"rendered":"<div id=\"kontakt\" style=\"float: left;width: 300px\">\n<div class=\"wpcf7 no-js\" id=\"wpcf7-f139-o1\" lang=\"en-US\" dir=\"ltr\">\n<div class=\"screen-reader-response\"><p role=\"status\" aria-live=\"polite\" aria-atomic=\"true\"><\/p> <ul><\/ul><\/div>\n<form action=\"\/de\/wp-json\/wp\/v2\/pages\/18#wpcf7-f139-o1\" method=\"post\" class=\"wpcf7-form init\" aria-label=\"Contact form\" novalidate=\"novalidate\" data-status=\"init\">\n<div style=\"display: none;\">\n<input type=\"hidden\" name=\"_wpcf7\" value=\"139\" \/>\n<input type=\"hidden\" name=\"_wpcf7_version\" value=\"5.7.4\" \/>\n<input type=\"hidden\" name=\"_wpcf7_locale\" value=\"en_US\" \/>\n<input type=\"hidden\" name=\"_wpcf7_unit_tag\" value=\"wpcf7-f139-o1\" \/>\n<input type=\"hidden\" name=\"_wpcf7_container_post\" value=\"0\" \/>\n<input type=\"hidden\" name=\"_wpcf7_posted_data_hash\" value=\"\" \/>\n<\/div>\n<p><label> Ihr Name (Pflichtfeld)<br \/>\n<span class=\"wpcf7-form-control-wrap\" data-name=\"your-name\"><input size=\"40\" class=\"wpcf7-form-control wpcf7-text wpcf7-validates-as-required\" aria-required=\"true\" aria-invalid=\"false\" value=\"\" type=\"text\" name=\"your-name\" \/><\/span> <\/label>\n<\/p>\n<p><label> Ihre E-Mail (Pflichtfeld)<br \/>\n<span class=\"wpcf7-form-control-wrap\" data-name=\"your-email\"><input size=\"40\" class=\"wpcf7-form-control wpcf7-text wpcf7-email wpcf7-validates-as-required wpcf7-validates-as-email\" aria-required=\"true\" aria-invalid=\"false\" value=\"\" type=\"email\" name=\"your-email\" \/><\/span> <\/label>\n<\/p>\n<p><label> Kontaktnummer (Pflichtfeld)<br \/>\n<span class=\"wpcf7-form-control-wrap\" data-name=\"Broj-mobitela\"><input size=\"40\" class=\"wpcf7-form-control wpcf7-text wpcf7-tel wpcf7-validates-as-required wpcf7-validates-as-tel\" aria-required=\"true\" aria-invalid=\"false\" value=\"\" type=\"tel\" name=\"Broj-mobitela\" \/><\/span> <\/label>\n<\/p>\n<p><label> Ihre Anfrage bezieht sich auf:<br \/>\n<span class=\"wpcf7-form-control-wrap\" data-name=\"menu-185\"><select class=\"wpcf7-form-control wpcf7-select\" aria-invalid=\"false\" name=\"menu-185\"><option value=\"\">&#8212;Please choose an option&#8212;<\/option><option value=\"Teambuilding-Programm\">Teambuilding-Programm<\/option><option value=\"Airsoft\">Airsoft<\/option><option value=\"Axtwerfen\">Axtwerfen<\/option><option value=\"Bogenschie\u00dfen\">Bogenschie\u00dfen<\/option><option value=\"Familienfahrrad\">Familienfahrrad<\/option><option value=\"GPS-Jagd\">GPS-Jagd<\/option><option value=\"JT splatmaster\">JT splatmaster<\/option><option value=\"Kampfbogenschie\u00dfen\">Kampfbogenschie\u00dfen<\/option><option value=\"Menschlicher Tischfu\u00dfball\">Menschlicher Tischfu\u00dfball<\/option><option value=\"Offroad\">Offroad<\/option><option value=\"Olympia der alten Sportarten\">Olympia der alten Sportarten<\/option><option value=\"Paintball\">Paintball<\/option><option value=\"Quad\/ATV\">Quad\/ATV<\/option><option value=\"ANDERE\">ANDERE<\/option><\/select><\/span> <\/label>\n<\/p>\n<p><label> Deine Nachricht:<br \/>\n<span class=\"wpcf7-form-control-wrap\" data-name=\"your-message\"><textarea cols=\"40\" rows=\"10\" class=\"wpcf7-form-control wpcf7-textarea\" aria-invalid=\"false\" name=\"your-message\"><\/textarea><\/span> <\/label>\n<\/p>\n<p><input class=\"wpcf7-form-control has-spinner wpcf7-submit\" type=\"submit\" value=\"Senden\" \/>\n<\/p><div class=\"wpcf7-response-output\" aria-hidden=\"true\"><\/div>\n<\/form>\n<\/div>\n<\/div>\n<div id=\"o-nama\">\n<p>Adventure zone j.d.o.o.<br \/>\nTrg bana Josipa Jela\u010di\u0107a 30<br \/>\n31000 Osijek<br \/>\nKroatien<br \/>\nVAT: HR24818876624<br \/>\nIgor Ili\u0107 &#8211; +385(0)98 682 508<\/p>\n<\/div>\n","protected":false},"excerpt":{"rendered":"<p>Adventure zone j.d.o.o. Trg bana Josipa Jela\u010di\u0107a 30 31000 Osijek Kroatien VAT: HR24818876624 Igor Ili\u0107 &#8211; +385(0)98 682 508<\/p>\n","protected":false},"author":1,"featured_media":0,"parent":0,"menu_order":0,"comment_status":"closed","ping_status":"closed","template":"","meta":[],"aioseo_notices":[],"_links":{"self":[{"href":"http:\/\/www.adventure-zone.hr\/de\/wp-json\/wp\/v2\/pages\/18"}],"collection":[{"href":"http:\/\/www.adventure-zone.hr\/de\/wp-json\/wp\/v2\/pages"}],"about":[{"href":"http:\/\/www.adventure-zone.hr\/de\/wp-json\/wp\/v2\/types\/page"}],"author":[{"embeddable":true,"href":"http:\/\/www.adventure-zone.hr\/de\/wp-json\/wp\/v2\/users\/1"}],"replies":[{"embeddable":true,"href":"http:\/\/www.adventure-zone.hr\/de\/wp-json\/wp\/v2\/comments?post=18"}],"version-history":[{"count":3,"href":"http:\/\/www.adventure-zone.hr\/de\/wp-json\/wp\/v2\/pages\/18\/revisions"}],"predecessor-version":[{"id":141,"href":"http:\/\/www.adventure-zone.hr\/de\/wp-json\/wp\/v2\/pages\/18\/revisions\/141"}],"wp:attachment":[{"href":"http:\/\/www.adventure-zone.hr\/de\/wp-json\/wp\/v2\/media?parent=18"}],"curies":[{"name":"wp","href":"https:\/\/api.w.org\/{rel}","templated":true}]}}