{"id":22,"date":"2018-10-04T16:10:17","date_gmt":"2018-10-04T16:10:17","guid":{"rendered":"http:\/\/www.adventure-zone.hr\/de\/?page_id=22"},"modified":"2018-10-05T17:18:22","modified_gmt":"2018-10-05T16:18:22","slug":"gps-jagd","status":"publish","type":"page","link":"http:\/\/www.adventure-zone.hr\/de\/gps-jagd\/","title":{"rendered":"GPS-Jagd"},"content":{"rendered":"<p>H\u00fcgel, Weinberge und Baranja-Stra\u00dfen k\u00f6nnen leicht in ein Labyrinth verwandelt werden. Es sei denn, Sie haben GPS-Karten mit Ihren Zielen und Ihr Team bereit f\u00fcr Abenteuer. Bei dieser GPS-Jagd auf Unterhaltung wartet auf jede Zielstation eine interessante Aufgabe oder ein interessantes Spiel.<\/p>\n<p>K\u00f6nnen Sie sich eine unterhaltsamere Art vorstellen, die Sch\u00f6nheit der Baranja zu genie\u00dfen?<\/p>\n","protected":false},"excerpt":{"rendered":"<p>H\u00fcgel, Weinberge und Baranja-Stra\u00dfen k\u00f6nnen leicht in ein Labyrinth verwandelt werden. Es sei denn, Sie haben GPS-Karten mit Ihren Zielen und Ihr Team bereit f\u00fcr Abenteuer. Bei dieser GPS-Jagd auf Unterhaltung wartet auf jede Zielstation eine interessante Aufgabe oder ein interessantes Spiel. K\u00f6nnen Sie sich eine unterhaltsamere Art vorstellen, die Sch\u00f6nheit der Baranja zu genie\u00dfen?<\/p>\n","protected":false},"author":1,"featured_media":0,"parent":0,"menu_order":0,"comment_status":"closed","ping_status":"closed","template":"","meta":[],"aioseo_notices":[],"_links":{"self":[{"href":"http:\/\/www.adventure-zone.hr\/de\/wp-json\/wp\/v2\/pages\/22"}],"collection":[{"href":"http:\/\/www.adventure-zone.hr\/de\/wp-json\/wp\/v2\/pages"}],"about":[{"href":"http:\/\/www.adventure-zone.hr\/de\/wp-json\/wp\/v2\/types\/page"}],"author":[{"embeddable":true,"href":"http:\/\/www.adventure-zone.hr\/de\/wp-json\/wp\/v2\/users\/1"}],"replies":[{"embeddable":true,"href":"http:\/\/www.adventure-zone.hr\/de\/wp-json\/wp\/v2\/comments?post=22"}],"version-history":[{"count":1,"href":"http:\/\/www.adventure-zone.hr\/de\/wp-json\/wp\/v2\/pages\/22\/revisions"}],"predecessor-version":[{"id":23,"href":"http:\/\/www.adventure-zone.hr\/de\/wp-json\/wp\/v2\/pages\/22\/revisions\/23"}],"wp:attachment":[{"href":"http:\/\/www.adventure-zone.hr\/de\/wp-json\/wp\/v2\/media?parent=22"}],"curies":[{"name":"wp","href":"https:\/\/api.w.org\/{rel}","templated":true}]}}