{"id":26,"date":"2018-10-04T16:11:57","date_gmt":"2018-10-04T16:11:57","guid":{"rendered":"http:\/\/www.adventure-zone.hr\/de\/?page_id=26"},"modified":"2018-10-05T17:22:55","modified_gmt":"2018-10-05T16:22:55","slug":"jt-splatmaster","status":"publish","type":"page","link":"http:\/\/www.adventure-zone.hr\/de\/jt-splatmaster\/","title":{"rendered":"JT splatmaster"},"content":{"rendered":"<p>JT Splatmaster ist ein lustiges Spiel, das Kinder in die Welt des Paintballs einf\u00fchrt. Marker, die im Spiel verwendet werden, \u00e4hneln Wasserpistolen, die Kindern bereits vertraut sind und k\u00f6nnen leicht und leicht von den j\u00fcngsten (8+ Jahren) gehandhabt werden. Wie beim Paintball muss unbedingt eine Schutzmaske verwendet werden.<\/p>\n<p>Mit Farbe gef\u00fcllte B\u00e4lle werden nach dem Federprinzip ausgeworfen, weshalb sie eine schlechtere Reichweite und Festigkeit haben als Paintballb\u00e4lle. Deshalb ist dieses Spiel ideal f\u00fcr Kindergeburtstage und das Gel\u00e4nde mit einer Vielzahl von Hindernissen l\u00e4sst sich auch im Hof schnell und einfach einstellen. Das Spiel beginnt normalerweise mit einigen Ziel\u00fcbungen auf mehreren Strecken mit Zielen, bei denen Teams Punkte sammeln, aber auch die Erfahrung, die f\u00fcr einen Kampf von Teams ben\u00f6tigt wird.<\/p>\n<p>Ein gutes Ergebnis erfordert viel Laufen, Pr\u00e4zision und Teamwork. Genau wie Paintball!<\/p>\n<section id=\"huge_it_portfolio_content_4\"\r\n         class=\"portfolio-gallery-content \"\r\n         data-portfolio-id=\"4\">\r\n\t<div id=\"huge-it-container-loading-overlay_4\"><\/div>\r\n\t\t\t\t\t\t<div id=\"huge_it_portfolio_container_4\"\r\n\t     class=\"huge_it_portfolio_container super-list variable-sizes clearfix view-lightbox-gallery\"\r\n\t     data-show-loading=\"on\"\r\n\t     data-show-center=\"off\" >\r\n\r\n\r\n\t\t\t\t\t<div\r\n\t\t\t\tclass=\"portelement portelement_4 portfolio-lightbox   \" tabindex=\"0\" data-symbol=\"\" data-category=\"alkaline-earth\">\r\n                <p style=\"display:none;\" class=\"load_date\">2018-10-05 19:09:56<\/p>\r\n                <p style=\"display:none;\" class=\"number\">16<\/p>\r\n\t\t\t\t<p style=\"display: none;\" class=\"id\">16<\/p>\r\n\t\t\t\t<div class=\"image-block_4\">\r\n\t\t\t\t\t\t\t\t\t\t\t\t\t\t\t\t\t\t\t\t\t\t\t<a href=\"http:\/\/www.adventure-zone.hr\/de\/wp-content\/uploads\/sites\/5\/2018\/10\/IMG_2727.jpg\"\r\n\t\t\t\t\t\t\t\t   class=\" portfolio-lightbox-group4\"\r\n                                   data-description=\" \"\r\n\t\t\t\t\t\t\t\t   title=\"\">\r\n\t\t\t\t\t\t\t\t\t<img alt=\"\"\r\n\t\t\t\t\t\t\t\t\t     id=\"wd-cl-img0\"\r\n                                         data-title=\" IMG_2727\"\r\n\t\t\t\t\t\t\t\t\t     src=\"http:\/\/www.adventure-zone.hr\/de\/wp-content\/uploads\/sites\/5\/2018\/10\/IMG_2727.jpg\"\/>\r\n\t\t\t\t\t\t\t\t<\/a>\r\n\t\t\t\t\t\t\t\t\t\t\t\t<\/div>\r\n\t\t\t\t\t\t\t<\/div>\r\n\t\t\t\t\t\t<div\r\n\t\t\t\tclass=\"portelement portelement_4 portfolio-lightbox   \" tabindex=\"0\" data-symbol=\"\" data-category=\"alkaline-earth\">\r\n                <p style=\"display:none;\" class=\"load_date\">2018-10-05 19:09:56<\/p>\r\n                <p style=\"display:none;\" class=\"number\">17<\/p>\r\n\t\t\t\t<p style=\"display: none;\" class=\"id\">17<\/p>\r\n\t\t\t\t<div class=\"image-block_4\">\r\n\t\t\t\t\t\t\t\t\t\t\t\t\t\t\t\t\t\t\t\t\t\t\t<a href=\"http:\/\/www.adventure-zone.hr\/de\/wp-content\/uploads\/sites\/5\/2018\/10\/IMG_2721.jpg\"\r\n\t\t\t\t\t\t\t\t   class=\" portfolio-lightbox-group4\"\r\n                                   data-description=\" \"\r\n\t\t\t\t\t\t\t\t   title=\"\">\r\n\t\t\t\t\t\t\t\t\t<img alt=\"\"\r\n\t\t\t\t\t\t\t\t\t     id=\"wd-cl-img1\"\r\n                                         data-title=\" IMG_2721\"\r\n\t\t\t\t\t\t\t\t\t     src=\"http:\/\/www.adventure-zone.hr\/de\/wp-content\/uploads\/sites\/5\/2018\/10\/IMG_2721.jpg\"\/>\r\n\t\t\t\t\t\t\t\t<\/a>\r\n\t\t\t\t\t\t\t\t\t\t\t\t<\/div>\r\n\t\t\t\t\t\t\t<\/div>\r\n\t\t\t\t\t\t<div\r\n\t\t\t\tclass=\"portelement portelement_4 portfolio-lightbox   \" tabindex=\"0\" data-symbol=\"\" data-category=\"alkaline-earth\">\r\n                <p style=\"display:none;\" class=\"load_date\">2018-10-05 19:09:56<\/p>\r\n                <p style=\"display:none;\" class=\"number\">18<\/p>\r\n\t\t\t\t<p style=\"display: none;\" class=\"id\">18<\/p>\r\n\t\t\t\t<div class=\"image-block_4\">\r\n\t\t\t\t\t\t\t\t\t\t\t\t\t\t\t\t\t\t\t\t\t\t\t<a href=\"http:\/\/www.adventure-zone.hr\/de\/wp-content\/uploads\/sites\/5\/2018\/10\/IMG_2719.jpg\"\r\n\t\t\t\t\t\t\t\t   class=\" portfolio-lightbox-group4\"\r\n                                   data-description=\" \"\r\n\t\t\t\t\t\t\t\t   title=\"\">\r\n\t\t\t\t\t\t\t\t\t<img alt=\"\"\r\n\t\t\t\t\t\t\t\t\t     id=\"wd-cl-img2\"\r\n                                         data-title=\" IMG_2719\"\r\n\t\t\t\t\t\t\t\t\t     src=\"http:\/\/www.adventure-zone.hr\/de\/wp-content\/uploads\/sites\/5\/2018\/10\/IMG_2719.jpg\"\/>\r\n\t\t\t\t\t\t\t\t<\/a>\r\n\t\t\t\t\t\t\t\t\t\t\t\t<\/div>\r\n\t\t\t\t\t\t\t<\/div>\r\n\t\t\t\r\n\t\t<div style=\"clear:both;\"><\/div>\r\n\t<\/div>\r\n\r\n\r\n<\/section><style>\r\n\/***For Lifgtbox Gallery view***\/\r\n.play-icon.youtube-icon  {\r\n    background: url(http:\/\/www.adventure-zone.hr\/de\/wp-content\/plugins\/portfolio-gallery\/assets\/images\/admin_images\/play.youtube.png) center center no-repeat;\r\n    background-size: 30% 30%;\r\n}\r\n.play-icon.vimeo-icon  {\r\n    background: url(http:\/\/www.adventure-zone.hr\/de\/wp-content\/plugins\/portfolio-gallery\/assets\/images\/admin_images\/play.vimeo.png) center center no-repeat;\r\n    background-size: 30% 30%;\r\n}\r\n.play-icon {\r\n    position: absolute;\r\n    top: 0;\r\n    left: 0;\r\n    width: 100%;\r\n    height: 100%;\r\n}\r\n\/***<\/add>***\/\r\n.portelement_4 {\r\n    max-width:275px;\r\n    width: 100%;\r\n    margin:0 0 10px 0;\r\n    border:0px solid #eeeeee;\r\n    border-radius:3px;\r\n    outline:none;\r\n    overflow:hidden;\r\n}\r\n\r\n.portelement_4 .image-block_4 {\r\n    position:relative;\r\n    max-width:275px;\r\n    width:100%;\r\n}\r\n.portelement_4 .image-block_4 a {\r\n    border:none;\r\n    display: block;\r\n    cursor: -webkit-zoom-in; cursor: -moz-zoom-in;\r\n}\r\n.portelement_4 .image-block_4 img {\r\n    margin:0 !important;\r\n    padding:0 !important;\r\n    max-width:275px !important;\r\n    width: 100%;\r\n    height:auto;\r\n    display:block;\r\n    border-radius: 0 !important;\r\n    box-shadow: 0 0 0 rgba(0, 0, 0, 0) !important;\r\n}\r\n\r\n.portelement_4 .image-block_4 img:hover {\r\n    cursor: -webkit-zoom-in; cursor: -moz-zoom-in;\r\n}\r\n\r\n.portelement_4 .title-block_4 {\r\n    position:absolute;\r\n    text-overflow: ellipsis;\r\n    overflow: hidden;\r\n    left:0;\r\n    width:100%;\r\n    height: 30px;\r\n    bottom:-31px;\r\n    background: rgba(0,0,0,0.8)  !important;\r\n    -webkit-transition: bottom 0.3s ease-out 0.1s;\r\n    -moz-transition: bottom 0.3s ease-out 0.1s;\r\n    -o-transition: bottom 0.3s ease-out 0.1s;\r\n    transition: bottom 0.3s ease-out 0.1s;\r\n}\r\n\r\n.portelement_4:hover .title-block_4 {bottom:0;}\r\n\r\n.portelement_4 .title-block_4 a, .portelement_4 .title-block_4 a:link, .portelement_4 .title-block_4 a:visited, \r\n.portelement_4 .title-block_4 {\r\n    margin:0;\r\n    padding:0 1% 0 2%;\r\n    text-decoration:none;\r\n    text-overflow: ellipsis;\r\n    overflow: hidden;\r\n    white-space:nowrap;\r\n    z-index:20;\r\n    font-size: 16px;\r\n    color:#0074A2;\r\n    font-weight:normal;\r\n    border: none;\r\n    box-shadow: none;\r\n}\r\n\r\n\r\n\r\n.portelement_4 .title-block_4 a:hover, .portelement_4 .title-block_4 a:focus, .portelement_4 .title-block_4 a:active, \r\n.portelement_4 .title-block_4:hover {\r\n    color:#2EA2CD;\r\n    text-decoration:none;\r\n}\r\n\r\n#huge_it_portfolio_content_4 #huge_it_portfolio_options_4 {\r\n    position: relative;\r\n    overflow: hidden;\r\nfloat:;max-width:180px;width:20%;display:inline-block;margin-left:1%;\r\nopacity: 0;    margin-bottom: 10px;\r\n}\r\n\r\n#huge_it_portfolio_content_4 #huge_it_portfolio_options_4 ul {\r\n    margin: 0 !important;\r\n    padding: 0 !important;\r\n    list-style: none;\r\n}\r\n\r\n#huge_it_portfolio_content_4 #huge_it_portfolio_filters_4 ul {\r\n    margin: 0 !important;\r\n    padding: 0 !important;\r\n    overflow: hidden;\r\n    width: 100%;\r\n}\r\n\r\n#huge_it_portfolio_content_4 #huge_it_portfolio_options_4 ul li {\r\n    border-radius: 0px;\r\n    list-style-type: none;\r\n    margin: 0 !important;\r\n    padding: 0;\r\nborder: 1px solid #ccc;}\r\n\r\n#huge_it_portfolio_content_4 #huge_it_portfolio_options_4 ul li a {\r\n    background-color: #F7F7F7 !important;\r\n    font-size:14px !important;\r\n    color:#555555 !important;\r\n    text-decoration: none;\r\n    cursor: pointer;\r\n    margin: 0 !important;\r\n    display: block;\r\n    padding:3px;\r\n    border-radius: 0px;\r\n}\r\n\r\n\r\n#huge_it_portfolio_content_4 #huge_it_portfolio_options_4 ul li a:hover {\r\n    background-color: #FF3845 !important;\r\n    color:#ffffff !important;\r\n    cursor: pointer;\r\n}\r\n\r\n#huge_it_portfolio_content_4 #huge_it_portfolio_filters_4 {\r\n    float: left;\r\n    position: relative;\r\nfloat:;max-width:180px;width:20%;display:inline-block;margin-left:1%;\r\nopacity: 0;}\r\n\r\n#huge_it_portfolio_content_4 #huge_it_portfolio_filters_4 ul li {\r\n    list-style-type: none;\r\n    border-radius: 0px;\r\nborder: 1px solid #ccc;}\r\n\r\n#huge_it_portfolio_content_4 #huge_it_portfolio_filters_4 ul li a {\r\n    font-size:14px !important;\r\n    color:#555555 !important;\r\n    background-color: #F7F7F7 !important;\r\n    border-radius: 0px;\r\n    padding:3px;\r\n    display: block;\r\n    text-decoration: none;\r\n}\r\n\r\n#huge_it_portfolio_content_4 #huge_it_portfolio_filters_4  ul li a:hover {\r\n    color:#ffffff !important;\r\n    background-color: #FF3845 !important;\r\n    cursor: pointer\r\n}\r\n#huge_it_portfolio_content_4 #huge_it_portfolio_filters_4 ul li.active a,\r\n#huge_it_portfolio_content_4 #huge_it_portfolio_filters_4 ul li.active a:link,\r\n#huge_it_portfolio_content_4 #huge_it_portfolio_filters_4 ul li.active a:visited,\r\n#huge_it_portfolio_content_4 #huge_it_portfolio_filters_4  ul li.active a:hover,\r\n#huge_it_portfolio_content_4 #huge_it_portfolio_filters_4  ul li.active a:focus,\r\n#huge_it_portfolio_content_4 #huge_it_portfolio_filters_4  ul li.active a:active {\r\n    color:#ffffff !important;\r\n    background-color: #FF3845 !important;\r\n    cursor: pointer;\r\n}\r\n#huge_it_portfolio_content_4 section {\r\n    position:relative;\r\n    display:block;\r\n}\r\n\r\n#huge_it_portfolio_content_4 #huge_it_portfolio_container_4 {\r\n    width: 79%;\r\n    max-width: 100%;\r\nwidth:100%;opacity: 0;}\r\n\r\n#port-sort-direction {\r\nfloat: left !important;}\r\n@media screen and (max-width: 768px) {\r\n\r\n    #huge_it_portfolio_content_4 #huge_it_portfolio_filters_4 ul li a,\r\n    #huge_it_portfolio_content_4 #huge_it_portfolio_filters_4 ul li a:link,\r\n    #huge_it_portfolio_content_4 #huge_it_portfolio_filters_4 ul li a:visited {\r\n        font-size: 2vw !important;\r\n    }\r\n    #huge_it_portfolio_content_4 #huge_it_portfolio_options_4 ul li a {\r\n        font-size:2vw !important;\r\n    }\r\n\r\n}\r\n@media screen and (max-width: 480px) {\r\n    #huge_it_portfolio_content_4 #huge_it_portfolio_options_4 {\r\n        float: left;\r\n    }\r\n    #huge_it_portfolio_content_4 #huge_it_portfolio_options_4 #sort-by{\r\n        float: left;\r\n        width: 100% !important;\r\n    }\r\n    #huge_it_portfolio_content_4 #huge_it_portfolio_options_4 #port-sort-direction{\r\n        float: left;\r\n        width: 100% !important;\r\n        position: relative;\r\n        padding-left: 31% !important;\r\n        right: 31%;\r\n    }\r\n    #huge_it_portfolio_content_4 #huge_it_portfolio_filters_4 ul li a,\r\n    #huge_it_portfolio_content_4 #huge_it_portfolio_filters_4 ul li a:link,\r\n    #huge_it_portfolio_content_4 #huge_it_portfolio_filters_4 ul li a:visited {\r\n        font-size: 3vw !important;\r\n    }\r\n    #huge_it_portfolio_content_4 #huge_it_portfolio_options_4 ul li a {\r\n        line-height: 3vw;\r\n        font-size:3vw !important;\r\n    }\r\n}\r\n@media screen and (max-width: 420px) {\r\n\r\n    #huge_it_portfolio_content_4 #huge_it_portfolio_filters_4 ul li a,\r\n    #huge_it_portfolio_content_4 #huge_it_portfolio_filters_4 ul li a:link,\r\n    #huge_it_portfolio_content_4 #huge_it_portfolio_filters_4 ul li a:visited {\r\n        font-size: 4vw !important;\r\n    }\r\n    #huge_it_portfolio_content_4 #huge_it_portfolio_options_4 ul li a {\r\n        font-size:4vw !important;\r\n    }\r\n}\r\n@media screen and (max-width: 315px) {\r\n    .portelement_4  {\r\n        width:98%;\r\n        margin: 1% !important;\r\n        float: left;\r\n        overflow: hidden;\r\n        outline:none;\r\n        border:eeeeeepx solid #D0D0D0;\r\n    }\r\n    .wd-portfolio-panel_4 {\r\n        width: 100% !important;\r\n    }\r\n}\r\n#huge-it-container-loading-overlay_4 {\r\n    width: 100%;\r\n    height: 100%;\r\n    position: absolute;\r\n    z-index: 1;\r\n    background:  url(http:\/\/www.adventure-zone.hr\/de\/wp-content\/plugins\/portfolio-gallery\/assets\/images\/loading\/loading-1.svg) center top ;\r\n    background-repeat: no-repeat;\r\n    background-size: 60px auto;\r\n}\r\n#huge_it_portfolio_options_and_filters_4 {\r\n    position: relative;\r\n    float: left;\r\n    width: 20%;\r\n    max-width: 180px;\r\n    float:;\r\nmargin-left:1%;}\r\n<\/style>\n","protected":false},"excerpt":{"rendered":"<p>JT Splatmaster ist ein lustiges Spiel, das Kinder in die Welt des Paintballs einf\u00fchrt. Marker, die im Spiel verwendet werden, \u00e4hneln Wasserpistolen, die Kindern bereits vertraut sind und k\u00f6nnen leicht und leicht von den j\u00fcngsten (8+ Jahren) gehandhabt werden. Wie beim Paintball muss unbedingt eine Schutzmaske verwendet werden. Mit Farbe gef\u00fcllte B\u00e4lle werden nach dem [&hellip;]<\/p>\n","protected":false},"author":1,"featured_media":0,"parent":0,"menu_order":0,"comment_status":"closed","ping_status":"closed","template":"","meta":[],"aioseo_notices":[],"_links":{"self":[{"href":"http:\/\/www.adventure-zone.hr\/de\/wp-json\/wp\/v2\/pages\/26"}],"collection":[{"href":"http:\/\/www.adventure-zone.hr\/de\/wp-json\/wp\/v2\/pages"}],"about":[{"href":"http:\/\/www.adventure-zone.hr\/de\/wp-json\/wp\/v2\/types\/page"}],"author":[{"embeddable":true,"href":"http:\/\/www.adventure-zone.hr\/de\/wp-json\/wp\/v2\/users\/1"}],"replies":[{"embeddable":true,"href":"http:\/\/www.adventure-zone.hr\/de\/wp-json\/wp\/v2\/comments?post=26"}],"version-history":[{"count":1,"href":"http:\/\/www.adventure-zone.hr\/de\/wp-json\/wp\/v2\/pages\/26\/revisions"}],"predecessor-version":[{"id":27,"href":"http:\/\/www.adventure-zone.hr\/de\/wp-json\/wp\/v2\/pages\/26\/revisions\/27"}],"wp:attachment":[{"href":"http:\/\/www.adventure-zone.hr\/de\/wp-json\/wp\/v2\/media?parent=26"}],"curies":[{"name":"wp","href":"https:\/\/api.w.org\/{rel}","templated":true}]}}