{"id":36,"date":"2018-10-04T16:22:00","date_gmt":"2018-10-04T16:22:00","guid":{"rendered":"http:\/\/www.adventure-zone.hr\/de\/?page_id=36"},"modified":"2018-10-05T17:28:06","modified_gmt":"2018-10-05T16:28:06","slug":"paintball","status":"publish","type":"page","link":"http:\/\/www.adventure-zone.hr\/de\/paintball\/","title":{"rendered":"Paintball"},"content":{"rendered":"<p>Paintball ist ein Teamspiel, das vielen aus pers\u00f6nlichen Erfahrungen oder Legenden bekannt ist, die in diesen Teilen kreisen. F\u00fcr diejenigen, die noch keine Paintball-Fans werden, gibt es jedoch einige Grundregeln:<\/p>\n<ul>\n<li>Die Maske ist OBLIGATORY Schutzausr\u00fcstung<\/li>\n<li>Das einzige zul\u00e4ssige Angriffsinstrument ist ein Marker, der mit Farbe gef\u00fcllte B\u00e4lle schie\u00dft (mit Flaschen, die mit CO2 oder Luft gef\u00fcllt sind).<\/li>\n<li>Verteidigung beinhaltet schnelles Laufen, Vermeidung von B\u00e4llen im Matrix-Stil oder sich hinter einem Hindernis zu verstecken (wobei, wenn man das zu lange macht, es ber\u00fcchtigt und verp\u00f6nt wird zu &#8222;Camping&#8220;). Im Paintball werden Sie sehen, dass am Ende das alte Sprichwort &#8222;Angriff ist die beste Verteidigung&#8220; am besten ist. Und es ist auch die unterhaltsamste Option;)<\/li>\n<li>Ein Treffer mit einem Paintballball sollte zugelassen werden, denn auch wenn Sie ruhig bleiben, wird die Farbe Sie schreien (und nicht nur die Farbe, wenn der Treffer ausreichend scharf war)<\/li>\n<li>Weder Schnee noch Eis, Minus oder Plus k\u00f6nnen ein Spiel ausschlie\u00dfen &#8211; nur ein geplanter Regen ist nicht erw\u00fcnscht<\/li>\n<li>Spieler, die 15 und \u00e4lter sind, k\u00f6nnen spielen, wichtig ist, dass es mindestens 6 gibt.<\/li>\n<\/ul>\n<p>Sie k\u00f6nnen auf einem der Felder in Karanac spielen (gr\u00f6\u00dfere nat\u00fcrliche buschige Feld und kleinere Feld mit k\u00fcnstlichen Hindernissen), in Osijek auf dem Feld in Pampas, oder auf dem ber\u00fchmten st\u00e4dtischen Kurs eines ehemaligen fehlerhaften der Landwirtschaft in Tenja. Wenn Sie \u00fcber ein passendes Gel\u00e4nde verf\u00fcgen, k\u00f6nnen wir einen Kurs mit unseren aufblasbaren Hindernissen vorbereiten.<\/p>\n","protected":false},"excerpt":{"rendered":"<p>Paintball ist ein Teamspiel, das vielen aus pers\u00f6nlichen Erfahrungen oder Legenden bekannt ist, die in diesen Teilen kreisen. F\u00fcr diejenigen, die noch keine Paintball-Fans werden, gibt es jedoch einige Grundregeln: Die Maske ist OBLIGATORY Schutzausr\u00fcstung Das einzige zul\u00e4ssige Angriffsinstrument ist ein Marker, der mit Farbe gef\u00fcllte B\u00e4lle schie\u00dft (mit Flaschen, die mit CO2 oder Luft [&hellip;]<\/p>\n","protected":false},"author":1,"featured_media":0,"parent":0,"menu_order":0,"comment_status":"closed","ping_status":"closed","template":"","meta":[],"aioseo_notices":[],"_links":{"self":[{"href":"http:\/\/www.adventure-zone.hr\/de\/wp-json\/wp\/v2\/pages\/36"}],"collection":[{"href":"http:\/\/www.adventure-zone.hr\/de\/wp-json\/wp\/v2\/pages"}],"about":[{"href":"http:\/\/www.adventure-zone.hr\/de\/wp-json\/wp\/v2\/types\/page"}],"author":[{"embeddable":true,"href":"http:\/\/www.adventure-zone.hr\/de\/wp-json\/wp\/v2\/users\/1"}],"replies":[{"embeddable":true,"href":"http:\/\/www.adventure-zone.hr\/de\/wp-json\/wp\/v2\/comments?post=36"}],"version-history":[{"count":3,"href":"http:\/\/www.adventure-zone.hr\/de\/wp-json\/wp\/v2\/pages\/36\/revisions"}],"predecessor-version":[{"id":144,"href":"http:\/\/www.adventure-zone.hr\/de\/wp-json\/wp\/v2\/pages\/36\/revisions\/144"}],"wp:attachment":[{"href":"http:\/\/www.adventure-zone.hr\/de\/wp-json\/wp\/v2\/media?parent=36"}],"curies":[{"name":"wp","href":"https:\/\/api.w.org\/{rel}","templated":true}]}}