{"id":42,"date":"2018-10-04T16:24:28","date_gmt":"2018-10-04T16:24:28","guid":{"rendered":"http:\/\/www.adventure-zone.hr\/de\/?page_id=42"},"modified":"2018-10-05T17:47:08","modified_gmt":"2018-10-05T16:47:08","slug":"wo-finden-sie-uns","status":"publish","type":"page","link":"http:\/\/www.adventure-zone.hr\/de\/wo-finden-sie-uns\/","title":{"rendered":"Wo finden Sie uns?"},"content":{"rendered":"<p>In unserer eigenen Location am Karanac Berg, zusammen mit unseren Partnern in Karanac, Osijek, Kopa\u010devo, Beli Manastir, Bilje, Lug, Kne\u017eevi Vinogradi, Suza, Zmajevac organisieren wir unsere Aktivit\u00e4ten nach Ihren W\u00fcnschen.<\/p>\n<p>Dar\u00fcber hinaus k\u00f6nnen wir Spiele nach Ihren eigenen W\u00fcnschen organisieren, wenn unsere Einrichtung die Spielanforderungen (Gr\u00f6\u00dfe, Isolation, Sicherheitsnetze) erf\u00fcllt.<\/p>\n","protected":false},"excerpt":{"rendered":"<p>In unserer eigenen Location am Karanac Berg, zusammen mit unseren Partnern in Karanac, Osijek, Kopa\u010devo, Beli Manastir, Bilje, Lug, Kne\u017eevi Vinogradi, Suza, Zmajevac organisieren wir unsere Aktivit\u00e4ten nach Ihren W\u00fcnschen. Dar\u00fcber hinaus k\u00f6nnen wir Spiele nach Ihren eigenen W\u00fcnschen organisieren, wenn unsere Einrichtung die Spielanforderungen (Gr\u00f6\u00dfe, Isolation, Sicherheitsnetze) erf\u00fcllt.<\/p>\n","protected":false},"author":1,"featured_media":0,"parent":0,"menu_order":0,"comment_status":"closed","ping_status":"closed","template":"","meta":[],"aioseo_notices":[],"_links":{"self":[{"href":"http:\/\/www.adventure-zone.hr\/de\/wp-json\/wp\/v2\/pages\/42"}],"collection":[{"href":"http:\/\/www.adventure-zone.hr\/de\/wp-json\/wp\/v2\/pages"}],"about":[{"href":"http:\/\/www.adventure-zone.hr\/de\/wp-json\/wp\/v2\/types\/page"}],"author":[{"embeddable":true,"href":"http:\/\/www.adventure-zone.hr\/de\/wp-json\/wp\/v2\/users\/1"}],"replies":[{"embeddable":true,"href":"http:\/\/www.adventure-zone.hr\/de\/wp-json\/wp\/v2\/comments?post=42"}],"version-history":[{"count":1,"href":"http:\/\/www.adventure-zone.hr\/de\/wp-json\/wp\/v2\/pages\/42\/revisions"}],"predecessor-version":[{"id":43,"href":"http:\/\/www.adventure-zone.hr\/de\/wp-json\/wp\/v2\/pages\/42\/revisions\/43"}],"wp:attachment":[{"href":"http:\/\/www.adventure-zone.hr\/de\/wp-json\/wp\/v2\/media?parent=42"}],"curies":[{"name":"wp","href":"https:\/\/api.w.org\/{rel}","templated":true}]}}