{"id":354,"date":"2017-01-20T12:57:34","date_gmt":"2017-01-20T11:57:34","guid":{"rendered":"http:\/\/www.adventure-zone.hr\/?page_id=354"},"modified":"2017-01-20T12:57:34","modified_gmt":"2017-01-20T11:57:34","slug":"contact-us","status":"publish","type":"page","link":"http:\/\/www.adventure-zone.hr\/en\/contact-us\/","title":{"rendered":"Contact us"},"content":{"rendered":"<div id=\"kontakt\" style=\"float: left;width: 300px\">\n<div class=\"wpcf7 no-js\" id=\"wpcf7-f403-o1\" lang=\"hr\" dir=\"ltr\">\n<div class=\"screen-reader-response\"><p role=\"status\" aria-live=\"polite\" aria-atomic=\"true\"><\/p> <ul><\/ul><\/div>\n<form action=\"\/en\/wp-json\/wp\/v2\/pages\/354#wpcf7-f403-o1\" method=\"post\" class=\"wpcf7-form init\" aria-label=\"Kontakt obrazac\" novalidate=\"novalidate\" data-status=\"init\">\n<div style=\"display: none;\">\n<input type=\"hidden\" name=\"_wpcf7\" value=\"403\" \/>\n<input type=\"hidden\" name=\"_wpcf7_version\" value=\"5.7.4\" \/>\n<input type=\"hidden\" name=\"_wpcf7_locale\" value=\"hr\" \/>\n<input type=\"hidden\" name=\"_wpcf7_unit_tag\" value=\"wpcf7-f403-o1\" \/>\n<input type=\"hidden\" name=\"_wpcf7_container_post\" value=\"0\" \/>\n<input type=\"hidden\" name=\"_wpcf7_posted_data_hash\" value=\"\" \/>\n<\/div>\n<p><label> Your name (mandatory field)<br \/>\n<span class=\"wpcf7-form-control-wrap\" data-name=\"your-name\"><input size=\"40\" class=\"wpcf7-form-control wpcf7-text wpcf7-validates-as-required\" aria-required=\"true\" aria-invalid=\"false\" value=\"\" type=\"text\" name=\"your-name\" \/><\/span> <\/label>\n<\/p>\n<p><label> Your e-mail (mandatory field)<br \/>\n<span class=\"wpcf7-form-control-wrap\" data-name=\"your-email\"><input size=\"40\" class=\"wpcf7-form-control wpcf7-text wpcf7-email wpcf7-validates-as-required wpcf7-validates-as-email\" aria-required=\"true\" aria-invalid=\"false\" value=\"\" type=\"email\" name=\"your-email\" \/><\/span> <\/label>\n<\/p>\n<p><label> Contact number (mandatory field)<br \/>\n<span class=\"wpcf7-form-control-wrap\" data-name=\"Broj-mobitela\"><input size=\"40\" class=\"wpcf7-form-control wpcf7-text wpcf7-tel wpcf7-validates-as-required wpcf7-validates-as-tel\" aria-required=\"true\" aria-invalid=\"false\" value=\"\" type=\"tel\" name=\"Broj-mobitela\" \/><\/span> <\/label>\n<\/p>\n<p><label> Your query is related to:<br \/>\n<span class=\"wpcf7-form-control-wrap\" data-name=\"menu-185\"><select class=\"wpcf7-form-control wpcf7-select\" aria-invalid=\"false\" name=\"menu-185\"><option value=\"\">&#8212;Molim odaberite jednu opciju&#8212;<\/option><option value=\"Team building program\">Team building program<\/option><option value=\"Airsoft\">Airsoft<\/option><option value=\"Archery\">Archery<\/option><option value=\"Axe throwing\">Axe throwing<\/option><option value=\"Battle archery\">Battle archery<\/option><option value=\"Family bike\">Family bike<\/option><option value=\"GPS hunt\">GPS hunt<\/option><option value=\"Human table football\">Human table football<\/option><option value=\"JT splatmaster\">JT splatmaster<\/option><option value=\"Off road\">Off road<\/option><option value=\"Olympic of old sports\">Olympic of old sports<\/option><option value=\"Paintball\">Paintball<\/option><option value=\"Quad\/ATV\">Quad\/ATV<\/option><option value=\"OTHER\">OTHER<\/option><\/select><\/span> <\/label>\n<\/p>\n<p><label> Your message:<br \/>\n<span class=\"wpcf7-form-control-wrap\" data-name=\"your-message\"><textarea cols=\"40\" rows=\"10\" class=\"wpcf7-form-control wpcf7-textarea\" aria-invalid=\"false\" name=\"your-message\"><\/textarea><\/span> <\/label>\n<\/p>\n<p><input class=\"wpcf7-form-control has-spinner wpcf7-submit\" type=\"submit\" value=\"Send\" \/>\n<\/p><div class=\"wpcf7-response-output\" aria-hidden=\"true\"><\/div>\n<\/form>\n<\/div>\n<\/div>\n<div id=\"o-nama\">\n<p>Adventure zone j.d.o.o.<br \/>\nTrg bana Josipa Jela\u010di\u0107a 30<br \/>\n31000 Osijek<br \/>\nCroatia<br \/>\nVAT: HR24818876624<br \/>\nIgor Ili\u0107 &#8211; +385(0)98 682 508<\/p>\n<\/div>\n","protected":false},"excerpt":{"rendered":"<p>Adventure zone j.d.o.o. Trg bana Josipa Jela\u010di\u0107a 30 31000 Osijek Croatia VAT: HR24818876624 Igor Ili\u0107 &#8211; +385(0)98 682 508<\/p>\n","protected":false},"author":1,"featured_media":0,"parent":0,"menu_order":0,"comment_status":"closed","ping_status":"closed","template":"","meta":[],"aioseo_notices":[],"_links":{"self":[{"href":"http:\/\/www.adventure-zone.hr\/en\/wp-json\/wp\/v2\/pages\/354"}],"collection":[{"href":"http:\/\/www.adventure-zone.hr\/en\/wp-json\/wp\/v2\/pages"}],"about":[{"href":"http:\/\/www.adventure-zone.hr\/en\/wp-json\/wp\/v2\/types\/page"}],"author":[{"embeddable":true,"href":"http:\/\/www.adventure-zone.hr\/en\/wp-json\/wp\/v2\/users\/1"}],"replies":[{"embeddable":true,"href":"http:\/\/www.adventure-zone.hr\/en\/wp-json\/wp\/v2\/comments?post=354"}],"version-history":[{"count":0,"href":"http:\/\/www.adventure-zone.hr\/en\/wp-json\/wp\/v2\/pages\/354\/revisions"}],"wp:attachment":[{"href":"http:\/\/www.adventure-zone.hr\/en\/wp-json\/wp\/v2\/media?parent=354"}],"curies":[{"name":"wp","href":"https:\/\/api.w.org\/{rel}","templated":true}]}}