{"id":103,"date":"2018-10-04T20:53:22","date_gmt":"2018-10-04T19:53:22","guid":{"rendered":"http:\/\/www.adventure-zone.hr\/hu\/?page_id=103"},"modified":"2018-10-05T17:18:49","modified_gmt":"2018-10-05T16:18:49","slug":"gps-vadaszat","status":"publish","type":"page","link":"http:\/\/www.adventure-zone.hr\/hu\/gps-vadaszat\/","title":{"rendered":"GPS vad\u00e1szat"},"content":{"rendered":"<p>A hegyek, a sz\u0151l\u0151\u00fcltetv\u00e9nyek \u00e9s a baranjai utak k\u00f6nnyen v\u00e1lhatnak labirintusg\u00e1. Hacsak nincs GPS-t\u00e9rk\u00e9ped a kit\u0171z\u00f6tt c\u00e9lokkal \u00e9s a csapatod k\u00e9szen \u00e1ll a kalandra. Ebben a GPS-vad\u00e1sban a sz\u00f3rakoztat\u00e1shoz \u00e9rdekes feladat vagy j\u00e1t\u00e9k van minden c\u00e9l\u00e1llom\u00e1son, amelyre v\u00e1r.<\/p>\n<p>El tud k\u00e9pzelni egy sokkal sz\u00f3rakoztat\u00f3bb m\u00f3dj\u00e1t, hogy \u00e9lvezze Bar\u00e1ny sz\u00e9ps\u00e9g\u00e9t?<\/p>\n","protected":false},"excerpt":{"rendered":"<p>A hegyek, a sz\u0151l\u0151\u00fcltetv\u00e9nyek \u00e9s a baranjai utak k\u00f6nnyen v\u00e1lhatnak labirintusg\u00e1. Hacsak nincs GPS-t\u00e9rk\u00e9ped a kit\u0171z\u00f6tt c\u00e9lokkal \u00e9s a csapatod k\u00e9szen \u00e1ll a kalandra. Ebben a GPS-vad\u00e1sban a sz\u00f3rakoztat\u00e1shoz \u00e9rdekes feladat vagy j\u00e1t\u00e9k van minden c\u00e9l\u00e1llom\u00e1son, amelyre v\u00e1r. El tud k\u00e9pzelni egy sokkal sz\u00f3rakoztat\u00f3bb m\u00f3dj\u00e1t, hogy \u00e9lvezze Bar\u00e1ny sz\u00e9ps\u00e9g\u00e9t?<\/p>\n","protected":false},"author":1,"featured_media":0,"parent":0,"menu_order":0,"comment_status":"closed","ping_status":"closed","template":"","meta":[],"aioseo_notices":[],"_links":{"self":[{"href":"http:\/\/www.adventure-zone.hr\/hu\/wp-json\/wp\/v2\/pages\/103"}],"collection":[{"href":"http:\/\/www.adventure-zone.hr\/hu\/wp-json\/wp\/v2\/pages"}],"about":[{"href":"http:\/\/www.adventure-zone.hr\/hu\/wp-json\/wp\/v2\/types\/page"}],"author":[{"embeddable":true,"href":"http:\/\/www.adventure-zone.hr\/hu\/wp-json\/wp\/v2\/users\/1"}],"replies":[{"embeddable":true,"href":"http:\/\/www.adventure-zone.hr\/hu\/wp-json\/wp\/v2\/comments?post=103"}],"version-history":[{"count":1,"href":"http:\/\/www.adventure-zone.hr\/hu\/wp-json\/wp\/v2\/pages\/103\/revisions"}],"predecessor-version":[{"id":104,"href":"http:\/\/www.adventure-zone.hr\/hu\/wp-json\/wp\/v2\/pages\/103\/revisions\/104"}],"wp:attachment":[{"href":"http:\/\/www.adventure-zone.hr\/hu\/wp-json\/wp\/v2\/media?parent=103"}],"curies":[{"name":"wp","href":"https:\/\/api.w.org\/{rel}","templated":true}]}}