{"id":107,"date":"2018-10-04T20:57:14","date_gmt":"2018-10-04T19:57:14","guid":{"rendered":"http:\/\/www.adventure-zone.hr\/hu\/?page_id=107"},"modified":"2018-10-05T17:23:44","modified_gmt":"2018-10-05T16:23:44","slug":"jt-splatmaster","status":"publish","type":"page","link":"http:\/\/www.adventure-zone.hr\/hu\/jt-splatmaster\/","title":{"rendered":"JT splatmaster"},"content":{"rendered":"<p>A JT Splatmaster egy sz\u00f3rakoztat\u00f3 j\u00e1t\u00e9k, amely bemutatja a gyerekeket a paintball vil\u00e1g\u00e1ba. A j\u00e1t\u00e9kban haszn\u00e1lt jel\u00f6l\u0151k hasonl\u00f3ak a gyermekek sz\u00e1m\u00e1ra ismert v\u00edz\u00e1gy\u00fakt\u00f3l, \u00e9s a legk\u00f6nnyebb (8+ \u00e9v) k\u00f6nnyed\u00e9n kezelhet\u0151. Mint a paintball eset\u00e9ben is, v\u00e9d\u0151 maszkot kell haszn\u00e1lni.<\/p>\n<p>A fest\u00e9kkel t\u00f6lt\u00f6tt goly\u00f3kat a tavasz elvei vetik ki, ez\u00e9rt van egy gyeng\u00e9bb hat\u00f3t\u00e1vols\u00e1ga \u00e9s er\u0151ss\u00e9ge, mint a paintball goly\u00f3k. Ez\u00e9rt van ez a j\u00e1t\u00e9k ide\u00e1lis a gyermekek sz\u00fclet\u00e9snapjaihoz, \u00e9s az akad\u00e1lyok sokas\u00e1g\u00e1val rendelkez\u0151 terepet gyorsan \u00e9s k\u00f6nnyen be\u00e1ll\u00edthatja az udvaron is. A j\u00e1t\u00e9k \u00e1ltal\u00e1ban n\u00e9h\u00e1ny gyakorlattal kezd\u0151dik, c\u00e9lpontokkal, ahol a csapatok gy\u0171jtenek pontokat, de a csapatok \u00fctk\u00f6z\u00e9s\u00e9hez sz\u00fcks\u00e9ges tapasztalatokat is.<\/p>\n<p>A j\u00f3 eredm\u00e9ny sok fut\u00e1st, pontoss\u00e1got \u00e9s csapatmunk\u00e1t ig\u00e9nyel. Mint a paintball is!<\/p>\n<section id=\"huge_it_portfolio_content_4\"\r\n         class=\"portfolio-gallery-content \"\r\n         data-portfolio-id=\"4\">\r\n\t<div id=\"huge-it-container-loading-overlay_4\"><\/div>\r\n\t\t\t\t\t\t<div id=\"huge_it_portfolio_container_4\"\r\n\t     class=\"huge_it_portfolio_container super-list variable-sizes clearfix view-lightbox-gallery\"\r\n\t     data-show-loading=\"on\"\r\n\t     data-show-center=\"off\" >\r\n\r\n\r\n\t\t\t\t\t<div\r\n\t\t\t\tclass=\"portelement portelement_4 portfolio-lightbox   \" tabindex=\"0\" data-symbol=\"\" data-category=\"alkaline-earth\">\r\n                <p style=\"display:none;\" class=\"load_date\">2018-10-05 19:22:56<\/p>\r\n                <p style=\"display:none;\" class=\"number\">18<\/p>\r\n\t\t\t\t<p style=\"display: none;\" class=\"id\">18<\/p>\r\n\t\t\t\t<div class=\"image-block_4\">\r\n\t\t\t\t\t\t\t\t\t\t\t\t\t\t\t\t\t\t\t\t\t\t\t<a href=\"http:\/\/www.adventure-zone.hr\/hu\/wp-content\/uploads\/sites\/6\/2018\/10\/IMG_2727.jpg\"\r\n\t\t\t\t\t\t\t\t   class=\" portfolio-lightbox-group4\"\r\n                                   data-description=\" \"\r\n\t\t\t\t\t\t\t\t   title=\"\">\r\n\t\t\t\t\t\t\t\t\t<img alt=\"\"\r\n\t\t\t\t\t\t\t\t\t     id=\"wd-cl-img0\"\r\n                                         data-title=\" IMG_2727\"\r\n\t\t\t\t\t\t\t\t\t     src=\"http:\/\/www.adventure-zone.hr\/hu\/wp-content\/uploads\/sites\/6\/2018\/10\/IMG_2727.jpg\"\/>\r\n\t\t\t\t\t\t\t\t<\/a>\r\n\t\t\t\t\t\t\t\t\t\t\t\t<\/div>\r\n\t\t\t\t\t\t\t<\/div>\r\n\t\t\t\t\t\t<div\r\n\t\t\t\tclass=\"portelement portelement_4 portfolio-lightbox   \" tabindex=\"0\" data-symbol=\"\" data-category=\"alkaline-earth\">\r\n                <p style=\"display:none;\" class=\"load_date\">2018-10-05 19:22:49<\/p>\r\n                <p style=\"display:none;\" class=\"number\">17<\/p>\r\n\t\t\t\t<p style=\"display: none;\" class=\"id\">17<\/p>\r\n\t\t\t\t<div class=\"image-block_4\">\r\n\t\t\t\t\t\t\t\t\t\t\t\t\t\t\t\t\t\t\t\t\t\t\t<a href=\"http:\/\/www.adventure-zone.hr\/hu\/wp-content\/uploads\/sites\/6\/2018\/10\/IMG_2721.jpg\"\r\n\t\t\t\t\t\t\t\t   class=\" portfolio-lightbox-group4\"\r\n                                   data-description=\" \"\r\n\t\t\t\t\t\t\t\t   title=\"\">\r\n\t\t\t\t\t\t\t\t\t<img alt=\"\"\r\n\t\t\t\t\t\t\t\t\t     id=\"wd-cl-img1\"\r\n                                         data-title=\" IMG_2721\"\r\n\t\t\t\t\t\t\t\t\t     src=\"http:\/\/www.adventure-zone.hr\/hu\/wp-content\/uploads\/sites\/6\/2018\/10\/IMG_2721.jpg\"\/>\r\n\t\t\t\t\t\t\t\t<\/a>\r\n\t\t\t\t\t\t\t\t\t\t\t\t<\/div>\r\n\t\t\t\t\t\t\t<\/div>\r\n\t\t\t\t\t\t<div\r\n\t\t\t\tclass=\"portelement portelement_4 portfolio-lightbox   \" tabindex=\"0\" data-symbol=\"\" data-category=\"alkaline-earth\">\r\n                <p style=\"display:none;\" class=\"load_date\">2018-10-05 19:22:41<\/p>\r\n                <p style=\"display:none;\" class=\"number\">16<\/p>\r\n\t\t\t\t<p style=\"display: none;\" class=\"id\">16<\/p>\r\n\t\t\t\t<div class=\"image-block_4\">\r\n\t\t\t\t\t\t\t\t\t\t\t\t\t\t\t\t\t\t\t\t\t\t\t<a href=\"http:\/\/www.adventure-zone.hr\/hu\/wp-content\/uploads\/sites\/6\/2018\/10\/IMG_2719.jpg\"\r\n\t\t\t\t\t\t\t\t   class=\" portfolio-lightbox-group4\"\r\n                                   data-description=\" \"\r\n\t\t\t\t\t\t\t\t   title=\"\">\r\n\t\t\t\t\t\t\t\t\t<img alt=\"\"\r\n\t\t\t\t\t\t\t\t\t     id=\"wd-cl-img2\"\r\n                                         data-title=\" IMG_2719\"\r\n\t\t\t\t\t\t\t\t\t     src=\"http:\/\/www.adventure-zone.hr\/hu\/wp-content\/uploads\/sites\/6\/2018\/10\/IMG_2719.jpg\"\/>\r\n\t\t\t\t\t\t\t\t<\/a>\r\n\t\t\t\t\t\t\t\t\t\t\t\t<\/div>\r\n\t\t\t\t\t\t\t<\/div>\r\n\t\t\t\r\n\t\t<div style=\"clear:both;\"><\/div>\r\n\t<\/div>\r\n\r\n\r\n<\/section><style>\r\n\/***For Lifgtbox Gallery view***\/\r\n.play-icon.youtube-icon  {\r\n    background: url(http:\/\/www.adventure-zone.hr\/hu\/wp-content\/plugins\/portfolio-gallery\/assets\/images\/admin_images\/play.youtube.png) center center no-repeat;\r\n    background-size: 30% 30%;\r\n}\r\n.play-icon.vimeo-icon  {\r\n    background: url(http:\/\/www.adventure-zone.hr\/hu\/wp-content\/plugins\/portfolio-gallery\/assets\/images\/admin_images\/play.vimeo.png) center center no-repeat;\r\n    background-size: 30% 30%;\r\n}\r\n.play-icon {\r\n    position: absolute;\r\n    top: 0;\r\n    left: 0;\r\n    width: 100%;\r\n    height: 100%;\r\n}\r\n\/***<\/add>***\/\r\n.portelement_4 {\r\n    max-width:275px;\r\n    width: 100%;\r\n    margin:0 0 10px 0;\r\n    border:0px solid #eeeeee;\r\n    border-radius:3px;\r\n    outline:none;\r\n    overflow:hidden;\r\n}\r\n\r\n.portelement_4 .image-block_4 {\r\n    position:relative;\r\n    max-width:275px;\r\n    width:100%;\r\n}\r\n.portelement_4 .image-block_4 a {\r\n    border:none;\r\n    display: block;\r\n    cursor: -webkit-zoom-in; cursor: -moz-zoom-in;\r\n}\r\n.portelement_4 .image-block_4 img {\r\n    margin:0 !important;\r\n    padding:0 !important;\r\n    max-width:275px !important;\r\n    width: 100%;\r\n    height:auto;\r\n    display:block;\r\n    border-radius: 0 !important;\r\n    box-shadow: 0 0 0 rgba(0, 0, 0, 0) !important;\r\n}\r\n\r\n.portelement_4 .image-block_4 img:hover {\r\n    cursor: -webkit-zoom-in; cursor: -moz-zoom-in;\r\n}\r\n\r\n.portelement_4 .title-block_4 {\r\n    position:absolute;\r\n    text-overflow: ellipsis;\r\n    overflow: hidden;\r\n    left:0;\r\n    width:100%;\r\n    height: 30px;\r\n    bottom:-31px;\r\n    background: rgba(0,0,0,0.8)  !important;\r\n    -webkit-transition: bottom 0.3s ease-out 0.1s;\r\n    -moz-transition: bottom 0.3s ease-out 0.1s;\r\n    -o-transition: bottom 0.3s ease-out 0.1s;\r\n    transition: bottom 0.3s ease-out 0.1s;\r\n}\r\n\r\n.portelement_4:hover .title-block_4 {bottom:0;}\r\n\r\n.portelement_4 .title-block_4 a, .portelement_4 .title-block_4 a:link, .portelement_4 .title-block_4 a:visited, \r\n.portelement_4 .title-block_4 {\r\n    margin:0;\r\n    padding:0 1% 0 2%;\r\n    text-decoration:none;\r\n    text-overflow: ellipsis;\r\n    overflow: hidden;\r\n    white-space:nowrap;\r\n    z-index:20;\r\n    font-size: 16px;\r\n    color:#0074A2;\r\n    font-weight:normal;\r\n    border: none;\r\n    box-shadow: none;\r\n}\r\n\r\n\r\n\r\n.portelement_4 .title-block_4 a:hover, .portelement_4 .title-block_4 a:focus, .portelement_4 .title-block_4 a:active, \r\n.portelement_4 .title-block_4:hover {\r\n    color:#2EA2CD;\r\n    text-decoration:none;\r\n}\r\n\r\n#huge_it_portfolio_content_4 #huge_it_portfolio_options_4 {\r\n    position: relative;\r\n    overflow: hidden;\r\nfloat:;max-width:180px;width:20%;display:inline-block;margin-left:1%;\r\nopacity: 0;    margin-bottom: 10px;\r\n}\r\n\r\n#huge_it_portfolio_content_4 #huge_it_portfolio_options_4 ul {\r\n    margin: 0 !important;\r\n    padding: 0 !important;\r\n    list-style: none;\r\n}\r\n\r\n#huge_it_portfolio_content_4 #huge_it_portfolio_filters_4 ul {\r\n    margin: 0 !important;\r\n    padding: 0 !important;\r\n    overflow: hidden;\r\n    width: 100%;\r\n}\r\n\r\n#huge_it_portfolio_content_4 #huge_it_portfolio_options_4 ul li {\r\n    border-radius: 0px;\r\n    list-style-type: none;\r\n    margin: 0 !important;\r\n    padding: 0;\r\nborder: 1px solid #ccc;}\r\n\r\n#huge_it_portfolio_content_4 #huge_it_portfolio_options_4 ul li a {\r\n    background-color: #F7F7F7 !important;\r\n    font-size:14px !important;\r\n    color:#555555 !important;\r\n    text-decoration: none;\r\n    cursor: pointer;\r\n    margin: 0 !important;\r\n    display: block;\r\n    padding:3px;\r\n    border-radius: 0px;\r\n}\r\n\r\n\r\n#huge_it_portfolio_content_4 #huge_it_portfolio_options_4 ul li a:hover {\r\n    background-color: #FF3845 !important;\r\n    color:#ffffff !important;\r\n    cursor: pointer;\r\n}\r\n\r\n#huge_it_portfolio_content_4 #huge_it_portfolio_filters_4 {\r\n    float: left;\r\n    position: relative;\r\nfloat:;max-width:180px;width:20%;display:inline-block;margin-left:1%;\r\nopacity: 0;}\r\n\r\n#huge_it_portfolio_content_4 #huge_it_portfolio_filters_4 ul li {\r\n    list-style-type: none;\r\n    border-radius: 0px;\r\nborder: 1px solid #ccc;}\r\n\r\n#huge_it_portfolio_content_4 #huge_it_portfolio_filters_4 ul li a {\r\n    font-size:14px !important;\r\n    color:#555555 !important;\r\n    background-color: #F7F7F7 !important;\r\n    border-radius: 0px;\r\n    padding:3px;\r\n    display: block;\r\n    text-decoration: none;\r\n}\r\n\r\n#huge_it_portfolio_content_4 #huge_it_portfolio_filters_4  ul li a:hover {\r\n    color:#ffffff !important;\r\n    background-color: #FF3845 !important;\r\n    cursor: pointer\r\n}\r\n#huge_it_portfolio_content_4 #huge_it_portfolio_filters_4 ul li.active a,\r\n#huge_it_portfolio_content_4 #huge_it_portfolio_filters_4 ul li.active a:link,\r\n#huge_it_portfolio_content_4 #huge_it_portfolio_filters_4 ul li.active a:visited,\r\n#huge_it_portfolio_content_4 #huge_it_portfolio_filters_4  ul li.active a:hover,\r\n#huge_it_portfolio_content_4 #huge_it_portfolio_filters_4  ul li.active a:focus,\r\n#huge_it_portfolio_content_4 #huge_it_portfolio_filters_4  ul li.active a:active {\r\n    color:#ffffff !important;\r\n    background-color: #FF3845 !important;\r\n    cursor: pointer;\r\n}\r\n#huge_it_portfolio_content_4 section {\r\n    position:relative;\r\n    display:block;\r\n}\r\n\r\n#huge_it_portfolio_content_4 #huge_it_portfolio_container_4 {\r\n    width: 79%;\r\n    max-width: 100%;\r\nwidth:100%;opacity: 0;}\r\n\r\n#port-sort-direction {\r\nfloat: left !important;}\r\n@media screen and (max-width: 768px) {\r\n\r\n    #huge_it_portfolio_content_4 #huge_it_portfolio_filters_4 ul li a,\r\n    #huge_it_portfolio_content_4 #huge_it_portfolio_filters_4 ul li a:link,\r\n    #huge_it_portfolio_content_4 #huge_it_portfolio_filters_4 ul li a:visited {\r\n        font-size: 2vw !important;\r\n    }\r\n    #huge_it_portfolio_content_4 #huge_it_portfolio_options_4 ul li a {\r\n        font-size:2vw !important;\r\n    }\r\n\r\n}\r\n@media screen and (max-width: 480px) {\r\n    #huge_it_portfolio_content_4 #huge_it_portfolio_options_4 {\r\n        float: left;\r\n    }\r\n    #huge_it_portfolio_content_4 #huge_it_portfolio_options_4 #sort-by{\r\n        float: left;\r\n        width: 100% !important;\r\n    }\r\n    #huge_it_portfolio_content_4 #huge_it_portfolio_options_4 #port-sort-direction{\r\n        float: left;\r\n        width: 100% !important;\r\n        position: relative;\r\n        padding-left: 31% !important;\r\n        right: 31%;\r\n    }\r\n    #huge_it_portfolio_content_4 #huge_it_portfolio_filters_4 ul li a,\r\n    #huge_it_portfolio_content_4 #huge_it_portfolio_filters_4 ul li a:link,\r\n    #huge_it_portfolio_content_4 #huge_it_portfolio_filters_4 ul li a:visited {\r\n        font-size: 3vw !important;\r\n    }\r\n    #huge_it_portfolio_content_4 #huge_it_portfolio_options_4 ul li a {\r\n        line-height: 3vw;\r\n        font-size:3vw !important;\r\n    }\r\n}\r\n@media screen and (max-width: 420px) {\r\n\r\n    #huge_it_portfolio_content_4 #huge_it_portfolio_filters_4 ul li a,\r\n    #huge_it_portfolio_content_4 #huge_it_portfolio_filters_4 ul li a:link,\r\n    #huge_it_portfolio_content_4 #huge_it_portfolio_filters_4 ul li a:visited {\r\n        font-size: 4vw !important;\r\n    }\r\n    #huge_it_portfolio_content_4 #huge_it_portfolio_options_4 ul li a {\r\n        font-size:4vw !important;\r\n    }\r\n}\r\n@media screen and (max-width: 315px) {\r\n    .portelement_4  {\r\n        width:98%;\r\n        margin: 1% !important;\r\n        float: left;\r\n        overflow: hidden;\r\n        outline:none;\r\n        border:eeeeeepx solid #D0D0D0;\r\n    }\r\n    .wd-portfolio-panel_4 {\r\n        width: 100% !important;\r\n    }\r\n}\r\n#huge-it-container-loading-overlay_4 {\r\n    width: 100%;\r\n    height: 100%;\r\n    position: absolute;\r\n    z-index: 1;\r\n    background:  url(http:\/\/www.adventure-zone.hr\/hu\/wp-content\/plugins\/portfolio-gallery\/assets\/images\/loading\/loading-1.svg) center top ;\r\n    background-repeat: no-repeat;\r\n    background-size: 60px auto;\r\n}\r\n#huge_it_portfolio_options_and_filters_4 {\r\n    position: relative;\r\n    float: left;\r\n    width: 20%;\r\n    max-width: 180px;\r\n    float:;\r\nmargin-left:1%;}\r\n<\/style>\n","protected":false},"excerpt":{"rendered":"<p>A JT Splatmaster egy sz\u00f3rakoztat\u00f3 j\u00e1t\u00e9k, amely bemutatja a gyerekeket a paintball vil\u00e1g\u00e1ba. A j\u00e1t\u00e9kban haszn\u00e1lt jel\u00f6l\u0151k hasonl\u00f3ak a gyermekek sz\u00e1m\u00e1ra ismert v\u00edz\u00e1gy\u00fakt\u00f3l, \u00e9s a legk\u00f6nnyebb (8+ \u00e9v) k\u00f6nnyed\u00e9n kezelhet\u0151. Mint a paintball eset\u00e9ben is, v\u00e9d\u0151 maszkot kell haszn\u00e1lni. A fest\u00e9kkel t\u00f6lt\u00f6tt goly\u00f3kat a tavasz elvei vetik ki, ez\u00e9rt van egy gyeng\u00e9bb hat\u00f3t\u00e1vols\u00e1ga \u00e9s er\u0151ss\u00e9ge, [&hellip;]<\/p>\n","protected":false},"author":1,"featured_media":0,"parent":0,"menu_order":0,"comment_status":"closed","ping_status":"closed","template":"","meta":[],"aioseo_notices":[],"_links":{"self":[{"href":"http:\/\/www.adventure-zone.hr\/hu\/wp-json\/wp\/v2\/pages\/107"}],"collection":[{"href":"http:\/\/www.adventure-zone.hr\/hu\/wp-json\/wp\/v2\/pages"}],"about":[{"href":"http:\/\/www.adventure-zone.hr\/hu\/wp-json\/wp\/v2\/types\/page"}],"author":[{"embeddable":true,"href":"http:\/\/www.adventure-zone.hr\/hu\/wp-json\/wp\/v2\/users\/1"}],"replies":[{"embeddable":true,"href":"http:\/\/www.adventure-zone.hr\/hu\/wp-json\/wp\/v2\/comments?post=107"}],"version-history":[{"count":1,"href":"http:\/\/www.adventure-zone.hr\/hu\/wp-json\/wp\/v2\/pages\/107\/revisions"}],"predecessor-version":[{"id":108,"href":"http:\/\/www.adventure-zone.hr\/hu\/wp-json\/wp\/v2\/pages\/107\/revisions\/108"}],"wp:attachment":[{"href":"http:\/\/www.adventure-zone.hr\/hu\/wp-json\/wp\/v2\/media?parent=107"}],"curies":[{"name":"wp","href":"https:\/\/api.w.org\/{rel}","templated":true}]}}