{"id":111,"date":"2018-10-04T20:59:27","date_gmt":"2018-10-04T19:59:27","guid":{"rendered":"http:\/\/www.adventure-zone.hr\/hu\/?page_id=111"},"modified":"2018-10-05T17:27:09","modified_gmt":"2018-10-05T16:27:09","slug":"olimpiai-jatekok-a-regi-sportok","status":"publish","type":"page","link":"http:\/\/www.adventure-zone.hr\/hu\/olimpiai-jatekok-a-regi-sportok\/","title":{"rendered":"Olimpiai j\u00e1t\u00e9kok a r\u00e9gi sportok"},"content":{"rendered":"<p>Az Old Sports Olimpiai j\u00e1t\u00e9kok sz\u00e1mos sz\u00f3rakoztat\u00f3 j\u00e1t\u00e9kot tartalmaznak, amelyek k\u00f6z\u00fcl egyik sem val\u00f3sz\u00edn\u0171leg olimpiai sport, kiv\u00e9ve Bro\u0111anci \ud83d\ude42<\/p>\n<ul>\n<li>Horseshoe Throw: Sokan legink\u00e1bb sz\u00f3rakoztatj\u00e1k az \u00f6sszes j\u00e1t\u00e9kot, biztosan az, amit a legt\u00f6bb r\u00e9sztvev\u0151 gyakran szerez a legalacsonyabb szinten &#8211; ennek a j\u00e1t\u00e9knak az a c\u00e9lja, hogy siker\u00fclj\u00f6n a l\u00f3 egy ki\u00e1ll\u00f3 bot k\u00f6r\u00e9 emelkedni (sz\u00e1mos vari\u00e1ci\u00f3val, csoportos dobokkal, ki\u00e1lt\u00e1sokkal )<\/li>\n<li>Csiga bowling: A tekep\u00e1lya, ahol a labda l\u00f3g \u00e9s a c\u00e9l az, hogy lengetni, hogy \u00fagy kopogtat a lehet\u0151 legt\u00f6bb csapot, a legmagasabb pontsz\u00e1mot, term\u00e9szetesen a kir\u00e1lyn\u0151, k\u00f6r\u00fclv\u00e9ve nyolc gyalog<\/li>\n<li>(Horseless) &#8222;Alka&#8221;: Ennek a h\u00edres horv\u00e1t n\u00e9pi j\u00e1t\u00e9knak az a c\u00e9lja, hogy fut\u00e1s k\u00f6zben az &#8222;alka&#8221; egy speci\u00e1lisan kialak\u00edtott kerek l\u00f3g\u00f3 c\u00e9lpontot \u00e9rjen el (a mozg\u00e1s sebess\u00e9ge, amely megk\u00f6zel\u00edt\u0151leg megegyezik egy l\u00f3 sebess\u00e9g\u00e9vel, ez tov\u00e1bbi s\u00falyosb\u00edt\u00f3 \u00e1llapotot jelent)<\/li>\n<li>Bag race: Minden versenyz\u0151nek be kell szereznie egy zs\u00e1kot, \u00e9s el kell nyernie a versenyt az ugr\u00e1ssal a c\u00e9lvonalig. Hangs\u00falyoznunk kell, hogy fontos r\u00e9szt venni, de m\u00e9g fontosabb, hogy az orr\u00e1t \u00e9rintetlen\u00fcl tartsa<\/li>\n<li>K\u00f6t\u00e9lh\u00faz\u00e1s: olyan j\u00e1t\u00e9k, amelyben 2 csapat sz\u00f3 szerint m\u00e9rik a hat\u00e9konys\u00e1got, hogy megpr\u00f3b\u00e1lja h\u00fazni a jelet a k\u00f6t\u00e9l k\u00f6zep\u00e9t\u0151l a be\u00e1ll\u00edtott hat\u00e1r f\u00f6l\u00f6tt (sokan biztos\u00edtottak minket, hogy j\u00f3 taktik\u00e1val is rendelkezni\u00fck kell, de eddig nem vagyunk meggy\u0151z\u0151dve )<\/li>\n<\/ul>\n<p>Megegyez\u00e9s alapj\u00e1n az olimpiai gy\u0151ztesek nyerhetnek cs\u00e9sz\u00e9ket, \u00e9rmeket, borpalackokat \u00e9s \/ vagy m\u00e1s nyerem\u00e9nyeket.<\/p>\n<section id=\"huge_it_portfolio_content_8\"\r\n         class=\"portfolio-gallery-content \"\r\n         data-portfolio-id=\"8\">\r\n\t<div id=\"huge-it-container-loading-overlay_8\"><\/div>\r\n\t\t\t\t\t\t<div id=\"huge_it_portfolio_container_8\"\r\n\t     class=\"huge_it_portfolio_container super-list variable-sizes clearfix view-lightbox-gallery\"\r\n\t     data-show-loading=\"on\"\r\n\t     data-show-center=\"off\" >\r\n\r\n\r\n\t\t\t\t\t<div\r\n\t\t\t\tclass=\"portelement portelement_8 portfolio-lightbox   \" tabindex=\"0\" data-symbol=\"\" data-category=\"alkaline-earth\">\r\n                <p style=\"display:none;\" class=\"load_date\">2018-10-05 19:29:17<\/p>\r\n                <p style=\"display:none;\" class=\"number\">30<\/p>\r\n\t\t\t\t<p style=\"display: none;\" class=\"id\">30<\/p>\r\n\t\t\t\t<div class=\"image-block_8\">\r\n\t\t\t\t\t\t\t\t\t\t\t\t\t\t\t\t\t\t\t\t\t\t\t<a href=\"http:\/\/www.adventure-zone.hr\/hu\/wp-content\/uploads\/sites\/6\/2018\/10\/IMG_9150JPG-e1516883393548-768x1024.jpg\"\r\n\t\t\t\t\t\t\t\t   class=\" portfolio-lightbox-group8\"\r\n                                   data-description=\" \"\r\n\t\t\t\t\t\t\t\t   title=\"\">\r\n\t\t\t\t\t\t\t\t\t<img alt=\"\"\r\n\t\t\t\t\t\t\t\t\t     id=\"wd-cl-img0\"\r\n                                         data-title=\" IMG_9150JPG-e1516883393548-768x1024\"\r\n\t\t\t\t\t\t\t\t\t     src=\"http:\/\/www.adventure-zone.hr\/hu\/wp-content\/uploads\/sites\/6\/2018\/10\/IMG_9150JPG-e1516883393548-768x1024-768x1024.jpg\"\/>\r\n\t\t\t\t\t\t\t\t<\/a>\r\n\t\t\t\t\t\t\t\t\t\t\t\t<\/div>\r\n\t\t\t\t\t\t\t<\/div>\r\n\t\t\t\t\t\t<div\r\n\t\t\t\tclass=\"portelement portelement_8 portfolio-lightbox   \" tabindex=\"0\" data-symbol=\"\" data-category=\"alkaline-earth\">\r\n                <p style=\"display:none;\" class=\"load_date\">2018-10-05 19:29:02<\/p>\r\n                <p style=\"display:none;\" class=\"number\">29<\/p>\r\n\t\t\t\t<p style=\"display: none;\" class=\"id\">29<\/p>\r\n\t\t\t\t<div class=\"image-block_8\">\r\n\t\t\t\t\t\t\t\t\t\t\t\t\t\t\t\t\t\t\t\t\t\t\t<a href=\"http:\/\/www.adventure-zone.hr\/hu\/wp-content\/uploads\/sites\/6\/2018\/10\/IMG_8684JPG-e1516883379320-768x1024.jpg\"\r\n\t\t\t\t\t\t\t\t   class=\" portfolio-lightbox-group8\"\r\n                                   data-description=\" \"\r\n\t\t\t\t\t\t\t\t   title=\"\">\r\n\t\t\t\t\t\t\t\t\t<img alt=\"\"\r\n\t\t\t\t\t\t\t\t\t     id=\"wd-cl-img1\"\r\n                                         data-title=\" IMG_8684JPG-e1516883379320-768x1024\"\r\n\t\t\t\t\t\t\t\t\t     src=\"http:\/\/www.adventure-zone.hr\/hu\/wp-content\/uploads\/sites\/6\/2018\/10\/IMG_8684JPG-e1516883379320-768x1024-768x1024.jpg\"\/>\r\n\t\t\t\t\t\t\t\t<\/a>\r\n\t\t\t\t\t\t\t\t\t\t\t\t<\/div>\r\n\t\t\t\t\t\t\t<\/div>\r\n\t\t\t\t\t\t<div\r\n\t\t\t\tclass=\"portelement portelement_8 portfolio-lightbox   \" tabindex=\"0\" data-symbol=\"\" data-category=\"alkaline-earth\">\r\n                <p style=\"display:none;\" class=\"load_date\">2018-10-05 19:28:44<\/p>\r\n                <p style=\"display:none;\" class=\"number\">28<\/p>\r\n\t\t\t\t<p style=\"display: none;\" class=\"id\">28<\/p>\r\n\t\t\t\t<div class=\"image-block_8\">\r\n\t\t\t\t\t\t\t\t\t\t\t\t\t\t\t\t\t\t\t\t\t\t\t<a href=\"http:\/\/www.adventure-zone.hr\/hu\/wp-content\/uploads\/sites\/6\/2018\/10\/IMG_0025JPG-e1516883355181-768x1024.jpg\"\r\n\t\t\t\t\t\t\t\t   class=\" portfolio-lightbox-group8\"\r\n                                   data-description=\" \"\r\n\t\t\t\t\t\t\t\t   title=\"\">\r\n\t\t\t\t\t\t\t\t\t<img alt=\"\"\r\n\t\t\t\t\t\t\t\t\t     id=\"wd-cl-img2\"\r\n                                         data-title=\" IMG_0025JPG-e1516883355181-768x1024\"\r\n\t\t\t\t\t\t\t\t\t     src=\"http:\/\/www.adventure-zone.hr\/hu\/wp-content\/uploads\/sites\/6\/2018\/10\/IMG_0025JPG-e1516883355181-768x1024-768x1024.jpg\"\/>\r\n\t\t\t\t\t\t\t\t<\/a>\r\n\t\t\t\t\t\t\t\t\t\t\t\t<\/div>\r\n\t\t\t\t\t\t\t<\/div>\r\n\t\t\t\r\n\t\t<div style=\"clear:both;\"><\/div>\r\n\t<\/div>\r\n\r\n\r\n<\/section><style>\r\n\/***For Lifgtbox Gallery view***\/\r\n.play-icon.youtube-icon  {\r\n    background: url(http:\/\/www.adventure-zone.hr\/hu\/wp-content\/plugins\/portfolio-gallery\/assets\/images\/admin_images\/play.youtube.png) center center no-repeat;\r\n    background-size: 30% 30%;\r\n}\r\n.play-icon.vimeo-icon  {\r\n    background: url(http:\/\/www.adventure-zone.hr\/hu\/wp-content\/plugins\/portfolio-gallery\/assets\/images\/admin_images\/play.vimeo.png) center center no-repeat;\r\n    background-size: 30% 30%;\r\n}\r\n.play-icon {\r\n    position: absolute;\r\n    top: 0;\r\n    left: 0;\r\n    width: 100%;\r\n    height: 100%;\r\n}\r\n\/***<\/add>***\/\r\n.portelement_8 {\r\n    max-width:275px;\r\n    width: 100%;\r\n    margin:0 0 10px 0;\r\n    border:0px solid #eeeeee;\r\n    border-radius:3px;\r\n    outline:none;\r\n    overflow:hidden;\r\n}\r\n\r\n.portelement_8 .image-block_8 {\r\n    position:relative;\r\n    max-width:275px;\r\n    width:100%;\r\n}\r\n.portelement_8 .image-block_8 a {\r\n    border:none;\r\n    display: block;\r\n    cursor: -webkit-zoom-in; cursor: -moz-zoom-in;\r\n}\r\n.portelement_8 .image-block_8 img {\r\n    margin:0 !important;\r\n    padding:0 !important;\r\n    max-width:275px !important;\r\n    width: 100%;\r\n    height:auto;\r\n    display:block;\r\n    border-radius: 0 !important;\r\n    box-shadow: 0 0 0 rgba(0, 0, 0, 0) !important;\r\n}\r\n\r\n.portelement_8 .image-block_8 img:hover {\r\n    cursor: -webkit-zoom-in; cursor: -moz-zoom-in;\r\n}\r\n\r\n.portelement_8 .title-block_8 {\r\n    position:absolute;\r\n    text-overflow: ellipsis;\r\n    overflow: hidden;\r\n    left:0;\r\n    width:100%;\r\n    height: 30px;\r\n    bottom:-31px;\r\n    background: rgba(0,0,0,0.8)  !important;\r\n    -webkit-transition: bottom 0.3s ease-out 0.1s;\r\n    -moz-transition: bottom 0.3s ease-out 0.1s;\r\n    -o-transition: bottom 0.3s ease-out 0.1s;\r\n    transition: bottom 0.3s ease-out 0.1s;\r\n}\r\n\r\n.portelement_8:hover .title-block_8 {bottom:0;}\r\n\r\n.portelement_8 .title-block_8 a, .portelement_8 .title-block_8 a:link, .portelement_8 .title-block_8 a:visited, \r\n.portelement_8 .title-block_8 {\r\n    margin:0;\r\n    padding:0 1% 0 2%;\r\n    text-decoration:none;\r\n    text-overflow: ellipsis;\r\n    overflow: hidden;\r\n    white-space:nowrap;\r\n    z-index:20;\r\n    font-size: 16px;\r\n    color:#0074A2;\r\n    font-weight:normal;\r\n    border: none;\r\n    box-shadow: none;\r\n}\r\n\r\n\r\n\r\n.portelement_8 .title-block_8 a:hover, .portelement_8 .title-block_8 a:focus, .portelement_8 .title-block_8 a:active, \r\n.portelement_8 .title-block_8:hover {\r\n    color:#2EA2CD;\r\n    text-decoration:none;\r\n}\r\n\r\n#huge_it_portfolio_content_8 #huge_it_portfolio_options_8 {\r\n    position: relative;\r\n    overflow: hidden;\r\nfloat:;max-width:180px;width:20%;display:inline-block;margin-left:1%;\r\nopacity: 0;    margin-bottom: 10px;\r\n}\r\n\r\n#huge_it_portfolio_content_8 #huge_it_portfolio_options_8 ul {\r\n    margin: 0 !important;\r\n    padding: 0 !important;\r\n    list-style: none;\r\n}\r\n\r\n#huge_it_portfolio_content_8 #huge_it_portfolio_filters_8 ul {\r\n    margin: 0 !important;\r\n    padding: 0 !important;\r\n    overflow: hidden;\r\n    width: 100%;\r\n}\r\n\r\n#huge_it_portfolio_content_8 #huge_it_portfolio_options_8 ul li {\r\n    border-radius: 0px;\r\n    list-style-type: none;\r\n    margin: 0 !important;\r\n    padding: 0;\r\nborder: 1px solid #ccc;}\r\n\r\n#huge_it_portfolio_content_8 #huge_it_portfolio_options_8 ul li a {\r\n    background-color: #F7F7F7 !important;\r\n    font-size:14px !important;\r\n    color:#555555 !important;\r\n    text-decoration: none;\r\n    cursor: pointer;\r\n    margin: 0 !important;\r\n    display: block;\r\n    padding:3px;\r\n    border-radius: 0px;\r\n}\r\n\r\n\r\n#huge_it_portfolio_content_8 #huge_it_portfolio_options_8 ul li a:hover {\r\n    background-color: #FF3845 !important;\r\n    color:#ffffff !important;\r\n    cursor: pointer;\r\n}\r\n\r\n#huge_it_portfolio_content_8 #huge_it_portfolio_filters_8 {\r\n    float: left;\r\n    position: relative;\r\nfloat:;max-width:180px;width:20%;display:inline-block;margin-left:1%;\r\nopacity: 0;}\r\n\r\n#huge_it_portfolio_content_8 #huge_it_portfolio_filters_8 ul li {\r\n    list-style-type: none;\r\n    border-radius: 0px;\r\nborder: 1px solid #ccc;}\r\n\r\n#huge_it_portfolio_content_8 #huge_it_portfolio_filters_8 ul li a {\r\n    font-size:14px !important;\r\n    color:#555555 !important;\r\n    background-color: #F7F7F7 !important;\r\n    border-radius: 0px;\r\n    padding:3px;\r\n    display: block;\r\n    text-decoration: none;\r\n}\r\n\r\n#huge_it_portfolio_content_8 #huge_it_portfolio_filters_8  ul li a:hover {\r\n    color:#ffffff !important;\r\n    background-color: #FF3845 !important;\r\n    cursor: pointer\r\n}\r\n#huge_it_portfolio_content_8 #huge_it_portfolio_filters_8 ul li.active a,\r\n#huge_it_portfolio_content_8 #huge_it_portfolio_filters_8 ul li.active a:link,\r\n#huge_it_portfolio_content_8 #huge_it_portfolio_filters_8 ul li.active a:visited,\r\n#huge_it_portfolio_content_8 #huge_it_portfolio_filters_8  ul li.active a:hover,\r\n#huge_it_portfolio_content_8 #huge_it_portfolio_filters_8  ul li.active a:focus,\r\n#huge_it_portfolio_content_8 #huge_it_portfolio_filters_8  ul li.active a:active {\r\n    color:#ffffff !important;\r\n    background-color: #FF3845 !important;\r\n    cursor: pointer;\r\n}\r\n#huge_it_portfolio_content_8 section {\r\n    position:relative;\r\n    display:block;\r\n}\r\n\r\n#huge_it_portfolio_content_8 #huge_it_portfolio_container_8 {\r\n    width: 79%;\r\n    max-width: 100%;\r\nwidth:100%;opacity: 0;}\r\n\r\n#port-sort-direction {\r\nfloat: left !important;}\r\n@media screen and (max-width: 768px) {\r\n\r\n    #huge_it_portfolio_content_8 #huge_it_portfolio_filters_8 ul li a,\r\n    #huge_it_portfolio_content_8 #huge_it_portfolio_filters_8 ul li a:link,\r\n    #huge_it_portfolio_content_8 #huge_it_portfolio_filters_8 ul li a:visited {\r\n        font-size: 2vw !important;\r\n    }\r\n    #huge_it_portfolio_content_8 #huge_it_portfolio_options_8 ul li a {\r\n        font-size:2vw !important;\r\n    }\r\n\r\n}\r\n@media screen and (max-width: 480px) {\r\n    #huge_it_portfolio_content_8 #huge_it_portfolio_options_8 {\r\n        float: left;\r\n    }\r\n    #huge_it_portfolio_content_8 #huge_it_portfolio_options_8 #sort-by{\r\n        float: left;\r\n        width: 100% !important;\r\n    }\r\n    #huge_it_portfolio_content_8 #huge_it_portfolio_options_8 #port-sort-direction{\r\n        float: left;\r\n        width: 100% !important;\r\n        position: relative;\r\n        padding-left: 31% !important;\r\n        right: 31%;\r\n    }\r\n    #huge_it_portfolio_content_8 #huge_it_portfolio_filters_8 ul li a,\r\n    #huge_it_portfolio_content_8 #huge_it_portfolio_filters_8 ul li a:link,\r\n    #huge_it_portfolio_content_8 #huge_it_portfolio_filters_8 ul li a:visited {\r\n        font-size: 3vw !important;\r\n    }\r\n    #huge_it_portfolio_content_8 #huge_it_portfolio_options_8 ul li a {\r\n        line-height: 3vw;\r\n        font-size:3vw !important;\r\n    }\r\n}\r\n@media screen and (max-width: 420px) {\r\n\r\n    #huge_it_portfolio_content_8 #huge_it_portfolio_filters_8 ul li a,\r\n    #huge_it_portfolio_content_8 #huge_it_portfolio_filters_8 ul li a:link,\r\n    #huge_it_portfolio_content_8 #huge_it_portfolio_filters_8 ul li a:visited {\r\n        font-size: 4vw !important;\r\n    }\r\n    #huge_it_portfolio_content_8 #huge_it_portfolio_options_8 ul li a {\r\n        font-size:4vw !important;\r\n    }\r\n}\r\n@media screen and (max-width: 315px) {\r\n    .portelement_8  {\r\n        width:98%;\r\n        margin: 1% !important;\r\n        float: left;\r\n        overflow: hidden;\r\n        outline:none;\r\n        border:eeeeeepx solid #D0D0D0;\r\n    }\r\n    .wd-portfolio-panel_8 {\r\n        width: 100% !important;\r\n    }\r\n}\r\n#huge-it-container-loading-overlay_8 {\r\n    width: 100%;\r\n    height: 100%;\r\n    position: absolute;\r\n    z-index: 1;\r\n    background:  url(http:\/\/www.adventure-zone.hr\/hu\/wp-content\/plugins\/portfolio-gallery\/assets\/images\/loading\/loading-1.svg) center top ;\r\n    background-repeat: no-repeat;\r\n    background-size: 60px auto;\r\n}\r\n#huge_it_portfolio_options_and_filters_8 {\r\n    position: relative;\r\n    float: left;\r\n    width: 20%;\r\n    max-width: 180px;\r\n    float:;\r\nmargin-left:1%;}\r\n<\/style>\n","protected":false},"excerpt":{"rendered":"<p>Az Old Sports Olimpiai j\u00e1t\u00e9kok sz\u00e1mos sz\u00f3rakoztat\u00f3 j\u00e1t\u00e9kot tartalmaznak, amelyek k\u00f6z\u00fcl egyik sem val\u00f3sz\u00edn\u0171leg olimpiai sport, kiv\u00e9ve Bro\u0111anci \ud83d\ude42 Horseshoe Throw: Sokan legink\u00e1bb sz\u00f3rakoztatj\u00e1k az \u00f6sszes j\u00e1t\u00e9kot, biztosan az, amit a legt\u00f6bb r\u00e9sztvev\u0151 gyakran szerez a legalacsonyabb szinten &#8211; ennek a j\u00e1t\u00e9knak az a c\u00e9lja, hogy siker\u00fclj\u00f6n a l\u00f3 egy ki\u00e1ll\u00f3 bot k\u00f6r\u00e9 emelkedni (sz\u00e1mos [&hellip;]<\/p>\n","protected":false},"author":1,"featured_media":0,"parent":0,"menu_order":0,"comment_status":"closed","ping_status":"closed","template":"","meta":[],"aioseo_notices":[],"_links":{"self":[{"href":"http:\/\/www.adventure-zone.hr\/hu\/wp-json\/wp\/v2\/pages\/111"}],"collection":[{"href":"http:\/\/www.adventure-zone.hr\/hu\/wp-json\/wp\/v2\/pages"}],"about":[{"href":"http:\/\/www.adventure-zone.hr\/hu\/wp-json\/wp\/v2\/types\/page"}],"author":[{"embeddable":true,"href":"http:\/\/www.adventure-zone.hr\/hu\/wp-json\/wp\/v2\/users\/1"}],"replies":[{"embeddable":true,"href":"http:\/\/www.adventure-zone.hr\/hu\/wp-json\/wp\/v2\/comments?post=111"}],"version-history":[{"count":2,"href":"http:\/\/www.adventure-zone.hr\/hu\/wp-json\/wp\/v2\/pages\/111\/revisions"}],"predecessor-version":[{"id":150,"href":"http:\/\/www.adventure-zone.hr\/hu\/wp-json\/wp\/v2\/pages\/111\/revisions\/150"}],"wp:attachment":[{"href":"http:\/\/www.adventure-zone.hr\/hu\/wp-json\/wp\/v2\/media?parent=111"}],"curies":[{"name":"wp","href":"https:\/\/api.w.org\/{rel}","templated":true}]}}