{"id":115,"date":"2018-10-04T21:03:31","date_gmt":"2018-10-04T20:03:31","guid":{"rendered":"http:\/\/www.adventure-zone.hr\/hu\/?page_id=115"},"modified":"2018-10-04T21:03:38","modified_gmt":"2018-10-04T20:03:38","slug":"hol-talal-meg-minket","status":"publish","type":"page","link":"http:\/\/www.adventure-zone.hr\/hu\/hol-talal-meg-minket\/","title":{"rendered":"Hol tal\u00e1l meg minket"},"content":{"rendered":"<p>A Karanac-hegyen, Karanacon, Osijekon, Kopa\u010dev\u00e1n\u00e1l, Beli Manastirn\u00e9l, Bilje-n\u00e9l, Lugon, Kne\u017eevi Vinogradiban, Suza-ban \u00e9s Zmajevac-ban l\u00e9v\u0151 partnereinkkel egy\u00fctt szervezz\u00fck meg tev\u00e9kenys\u00e9g\u00fcnket az \u00d6n k\u00edv\u00e1ns\u00e1gainak megfelel\u0151en.<\/p>\n<p>Ezenk\u00edv\u00fcl a saj\u00e1t k\u00edv\u00e1ns\u00e1gaink szerint is szervezhet\u00fcnk j\u00e1t\u00e9kokat, ha l\u00e9tes\u00edtm\u00e9ny\u00fcnk megfelel a j\u00e1t\u00e9k k\u00f6vetelm\u00e9nyeinek (m\u00e9ret, szigetel\u00e9s, biztons\u00e1gi h\u00e1l\u00f3).<\/p>\n","protected":false},"excerpt":{"rendered":"<p>A Karanac-hegyen, Karanacon, Osijekon, Kopa\u010dev\u00e1n\u00e1l, Beli Manastirn\u00e9l, Bilje-n\u00e9l, Lugon, Kne\u017eevi Vinogradiban, Suza-ban \u00e9s Zmajevac-ban l\u00e9v\u0151 partnereinkkel egy\u00fctt szervezz\u00fck meg tev\u00e9kenys\u00e9g\u00fcnket az \u00d6n k\u00edv\u00e1ns\u00e1gainak megfelel\u0151en. Ezenk\u00edv\u00fcl a saj\u00e1t k\u00edv\u00e1ns\u00e1gaink szerint is szervezhet\u00fcnk j\u00e1t\u00e9kokat, ha l\u00e9tes\u00edtm\u00e9ny\u00fcnk megfelel a j\u00e1t\u00e9k k\u00f6vetelm\u00e9nyeinek (m\u00e9ret, szigetel\u00e9s, biztons\u00e1gi h\u00e1l\u00f3).<\/p>\n","protected":false},"author":1,"featured_media":0,"parent":0,"menu_order":0,"comment_status":"closed","ping_status":"closed","template":"","meta":[],"aioseo_notices":[],"_links":{"self":[{"href":"http:\/\/www.adventure-zone.hr\/hu\/wp-json\/wp\/v2\/pages\/115"}],"collection":[{"href":"http:\/\/www.adventure-zone.hr\/hu\/wp-json\/wp\/v2\/pages"}],"about":[{"href":"http:\/\/www.adventure-zone.hr\/hu\/wp-json\/wp\/v2\/types\/page"}],"author":[{"embeddable":true,"href":"http:\/\/www.adventure-zone.hr\/hu\/wp-json\/wp\/v2\/users\/1"}],"replies":[{"embeddable":true,"href":"http:\/\/www.adventure-zone.hr\/hu\/wp-json\/wp\/v2\/comments?post=115"}],"version-history":[{"count":1,"href":"http:\/\/www.adventure-zone.hr\/hu\/wp-json\/wp\/v2\/pages\/115\/revisions"}],"predecessor-version":[{"id":116,"href":"http:\/\/www.adventure-zone.hr\/hu\/wp-json\/wp\/v2\/pages\/115\/revisions\/116"}],"wp:attachment":[{"href":"http:\/\/www.adventure-zone.hr\/hu\/wp-json\/wp\/v2\/media?parent=115"}],"curies":[{"name":"wp","href":"https:\/\/api.w.org\/{rel}","templated":true}]}}