{"id":58,"date":"2018-10-04T19:24:12","date_gmt":"2018-10-04T19:24:12","guid":{"rendered":"http:\/\/www.adventure-zone.hr\/hu\/?page_id=58"},"modified":"2018-10-05T17:29:37","modified_gmt":"2018-10-05T16:29:37","slug":"quad-atv","status":"publish","type":"page","link":"http:\/\/www.adventure-zone.hr\/hu\/quad-atv\/","title":{"rendered":"Quad\/ATV"},"content":{"rendered":"<p>Ha az adrenalin \u00f6r\u00f6m\u00f6t l\u00e1tja 4 ker\u00e9kkel \u00e9s sz\u00e9led a hajadon, akkor a quadok a megfelel\u0151 v\u00e1laszt\u00e1s az \u00d6n sz\u00e1m\u00e1ra!<\/p>\n<p>F\u00fcggetlen\u00fcl att\u00f3l, hogy egy adrenalin \u00fatra d\u00f6ntenek egy tapasztalt Baranja-dombok cirk\u00e1l\u00f3j\u00e1n, vagy csak n\u00e9h\u00e1ny k\u00f6r\u00f6n a sz\u00f3rakoztat\u00f3 k\u00f6rzetben, felk\u00e9sz\u00fcljenek arra, hogy \u00faj szeretetet fedezzenek fel, hiszen ha valaki egyszer megpr\u00f3b\u00e1lja, kis g\u00e9pek.<\/p>\n<section id=\"huge_it_portfolio_content_2\"\r\n         class=\"portfolio-gallery-content \"\r\n         data-portfolio-id=\"2\">\r\n\t<div id=\"huge-it-container-loading-overlay_2\"><\/div>\r\n\t\t\t\t\t\t<div id=\"huge_it_portfolio_container_2\"\r\n\t     class=\"huge_it_portfolio_container super-list variable-sizes clearfix view-lightbox-gallery\"\r\n\t     data-show-loading=\"on\"\r\n\t     data-show-center=\"off\" >\r\n\r\n\r\n\t\t\t\t\t<div\r\n\t\t\t\tclass=\"portelement portelement_2 portfolio-lightbox   \" tabindex=\"0\" data-symbol=\"\" data-category=\"alkaline-earth\">\r\n                <p style=\"display:none;\" class=\"load_date\">2018-10-05 19:21:10<\/p>\r\n                <p style=\"display:none;\" class=\"number\">12<\/p>\r\n\t\t\t\t<p style=\"display: none;\" class=\"id\">12<\/p>\r\n\t\t\t\t<div class=\"image-block_2\">\r\n\t\t\t\t\t\t\t\t\t\t\t\t\t\t\t\t\t\t\t\t\t\t\t<a href=\"http:\/\/www.adventure-zone.hr\/hu\/wp-content\/uploads\/sites\/6\/2018\/10\/IMG_7749-1-1024x768.jpg\"\r\n\t\t\t\t\t\t\t\t   class=\" portfolio-lightbox-group2\"\r\n                                   data-description=\" \"\r\n\t\t\t\t\t\t\t\t   title=\"\">\r\n\t\t\t\t\t\t\t\t\t<img alt=\"\"\r\n\t\t\t\t\t\t\t\t\t     id=\"wd-cl-img0\"\r\n                                         data-title=\" IMG_7749-1-1024x768\"\r\n\t\t\t\t\t\t\t\t\t     src=\"http:\/\/www.adventure-zone.hr\/hu\/wp-content\/uploads\/sites\/6\/2018\/10\/IMG_7749-1-1024x768-1024x768.jpg\"\/>\r\n\t\t\t\t\t\t\t\t<\/a>\r\n\t\t\t\t\t\t\t\t\t\t\t\t<\/div>\r\n\t\t\t\t\t\t\t<\/div>\r\n\t\t\t\t\t\t<div\r\n\t\t\t\tclass=\"portelement portelement_2 portfolio-lightbox   \" tabindex=\"0\" data-symbol=\"\" data-category=\"alkaline-earth\">\r\n                <p style=\"display:none;\" class=\"load_date\">2018-10-05 19:21:01<\/p>\r\n                <p style=\"display:none;\" class=\"number\">11<\/p>\r\n\t\t\t\t<p style=\"display: none;\" class=\"id\">11<\/p>\r\n\t\t\t\t<div class=\"image-block_2\">\r\n\t\t\t\t\t\t\t\t\t\t\t\t\t\t\t\t\t\t\t\t\t\t\t<a href=\"https:\/\/www.youtube.com\/embed\/zFX9OLo3dTU\"\r\n                                   data-description=\" \"\r\n\t\t\t\t\t\t\t\t   class=\"huge_it_portfolio_item pyoutube  portfolio-lightbox-group2\"\r\n\t\t\t\t\t\t\t\t   title=\"\">\r\n\t\t\t\t\t\t\t\t\t<img alt=\"\"\r\n\t\t\t\t\t\t\t\t\t     id=\"wd-cl-img1\"\r\n\t\t\t\t\t\t\t\t\t     src=\"\/\/img.youtube.com\/vi\/zFX9OLo3dTU\/mqdefault.jpg\"\/>\r\n\t\t\t\t\t\t\t\t\t<div class=\"play-icon youtube-icon\"><\/div>\r\n\t\t\t\t\t\t\t\t<\/a>\r\n\t\t\t\t\t\t\t\t\t\t\t\t<\/div>\r\n\t\t\t\t\t\t\t<\/div>\r\n\t\t\t\t\t\t<div\r\n\t\t\t\tclass=\"portelement portelement_2 portfolio-lightbox   \" tabindex=\"0\" data-symbol=\"\" data-category=\"alkaline-earth\">\r\n                <p style=\"display:none;\" class=\"load_date\">2018-10-05 19:20:39<\/p>\r\n                <p style=\"display:none;\" class=\"number\">10<\/p>\r\n\t\t\t\t<p style=\"display: none;\" class=\"id\">10<\/p>\r\n\t\t\t\t<div class=\"image-block_2\">\r\n\t\t\t\t\t\t\t\t\t\t\t\t\t\t\t\t\t\t\t\t\t\t\t<a href=\"http:\/\/www.adventure-zone.hr\/hu\/wp-content\/uploads\/sites\/6\/2018\/10\/IMG_6799-1024x768.jpg\"\r\n\t\t\t\t\t\t\t\t   class=\" portfolio-lightbox-group2\"\r\n                                   data-description=\" \"\r\n\t\t\t\t\t\t\t\t   title=\"\">\r\n\t\t\t\t\t\t\t\t\t<img alt=\"\"\r\n\t\t\t\t\t\t\t\t\t     id=\"wd-cl-img2\"\r\n                                         data-title=\" IMG_6799-1024x768\"\r\n\t\t\t\t\t\t\t\t\t     src=\"http:\/\/www.adventure-zone.hr\/hu\/wp-content\/uploads\/sites\/6\/2018\/10\/IMG_6799-1024x768-1024x768.jpg\"\/>\r\n\t\t\t\t\t\t\t\t<\/a>\r\n\t\t\t\t\t\t\t\t\t\t\t\t<\/div>\r\n\t\t\t\t\t\t\t<\/div>\r\n\t\t\t\r\n\t\t<div style=\"clear:both;\"><\/div>\r\n\t<\/div>\r\n\r\n\r\n<\/section><style>\r\n\/***For Lifgtbox Gallery view***\/\r\n.play-icon.youtube-icon  {\r\n    background: url(http:\/\/www.adventure-zone.hr\/hu\/wp-content\/plugins\/portfolio-gallery\/assets\/images\/admin_images\/play.youtube.png) center center no-repeat;\r\n    background-size: 30% 30%;\r\n}\r\n.play-icon.vimeo-icon  {\r\n    background: url(http:\/\/www.adventure-zone.hr\/hu\/wp-content\/plugins\/portfolio-gallery\/assets\/images\/admin_images\/play.vimeo.png) center center no-repeat;\r\n    background-size: 30% 30%;\r\n}\r\n.play-icon {\r\n    position: absolute;\r\n    top: 0;\r\n    left: 0;\r\n    width: 100%;\r\n    height: 100%;\r\n}\r\n\/***<\/add>***\/\r\n.portelement_2 {\r\n    max-width:275px;\r\n    width: 100%;\r\n    margin:0 0 10px 0;\r\n    border:0px solid #eeeeee;\r\n    border-radius:3px;\r\n    outline:none;\r\n    overflow:hidden;\r\n}\r\n\r\n.portelement_2 .image-block_2 {\r\n    position:relative;\r\n    max-width:275px;\r\n    width:100%;\r\n}\r\n.portelement_2 .image-block_2 a {\r\n    border:none;\r\n    display: block;\r\n    cursor: -webkit-zoom-in; cursor: -moz-zoom-in;\r\n}\r\n.portelement_2 .image-block_2 img {\r\n    margin:0 !important;\r\n    padding:0 !important;\r\n    max-width:275px !important;\r\n    width: 100%;\r\n    height:auto;\r\n    display:block;\r\n    border-radius: 0 !important;\r\n    box-shadow: 0 0 0 rgba(0, 0, 0, 0) !important;\r\n}\r\n\r\n.portelement_2 .image-block_2 img:hover {\r\n    cursor: -webkit-zoom-in; cursor: -moz-zoom-in;\r\n}\r\n\r\n.portelement_2 .title-block_2 {\r\n    position:absolute;\r\n    text-overflow: ellipsis;\r\n    overflow: hidden;\r\n    left:0;\r\n    width:100%;\r\n    height: 30px;\r\n    bottom:-31px;\r\n    background: rgba(0,0,0,0.8)  !important;\r\n    -webkit-transition: bottom 0.3s ease-out 0.1s;\r\n    -moz-transition: bottom 0.3s ease-out 0.1s;\r\n    -o-transition: bottom 0.3s ease-out 0.1s;\r\n    transition: bottom 0.3s ease-out 0.1s;\r\n}\r\n\r\n.portelement_2:hover .title-block_2 {bottom:0;}\r\n\r\n.portelement_2 .title-block_2 a, .portelement_2 .title-block_2 a:link, .portelement_2 .title-block_2 a:visited, \r\n.portelement_2 .title-block_2 {\r\n    margin:0;\r\n    padding:0 1% 0 2%;\r\n    text-decoration:none;\r\n    text-overflow: ellipsis;\r\n    overflow: hidden;\r\n    white-space:nowrap;\r\n    z-index:20;\r\n    font-size: 16px;\r\n    color:#0074A2;\r\n    font-weight:normal;\r\n    border: none;\r\n    box-shadow: none;\r\n}\r\n\r\n\r\n\r\n.portelement_2 .title-block_2 a:hover, .portelement_2 .title-block_2 a:focus, .portelement_2 .title-block_2 a:active, \r\n.portelement_2 .title-block_2:hover {\r\n    color:#2EA2CD;\r\n    text-decoration:none;\r\n}\r\n\r\n#huge_it_portfolio_content_2 #huge_it_portfolio_options_2 {\r\n    position: relative;\r\n    overflow: hidden;\r\nfloat:;max-width:180px;width:20%;display:inline-block;margin-left:1%;\r\nopacity: 0;    margin-bottom: 10px;\r\n}\r\n\r\n#huge_it_portfolio_content_2 #huge_it_portfolio_options_2 ul {\r\n    margin: 0 !important;\r\n    padding: 0 !important;\r\n    list-style: none;\r\n}\r\n\r\n#huge_it_portfolio_content_2 #huge_it_portfolio_filters_2 ul {\r\n    margin: 0 !important;\r\n    padding: 0 !important;\r\n    overflow: hidden;\r\n    width: 100%;\r\n}\r\n\r\n#huge_it_portfolio_content_2 #huge_it_portfolio_options_2 ul li {\r\n    border-radius: 0px;\r\n    list-style-type: none;\r\n    margin: 0 !important;\r\n    padding: 0;\r\nborder: 1px solid #ccc;}\r\n\r\n#huge_it_portfolio_content_2 #huge_it_portfolio_options_2 ul li a {\r\n    background-color: #F7F7F7 !important;\r\n    font-size:14px !important;\r\n    color:#555555 !important;\r\n    text-decoration: none;\r\n    cursor: pointer;\r\n    margin: 0 !important;\r\n    display: block;\r\n    padding:3px;\r\n    border-radius: 0px;\r\n}\r\n\r\n\r\n#huge_it_portfolio_content_2 #huge_it_portfolio_options_2 ul li a:hover {\r\n    background-color: #FF3845 !important;\r\n    color:#ffffff !important;\r\n    cursor: pointer;\r\n}\r\n\r\n#huge_it_portfolio_content_2 #huge_it_portfolio_filters_2 {\r\n    float: left;\r\n    position: relative;\r\nfloat:;max-width:180px;width:20%;display:inline-block;margin-left:1%;\r\nopacity: 0;}\r\n\r\n#huge_it_portfolio_content_2 #huge_it_portfolio_filters_2 ul li {\r\n    list-style-type: none;\r\n    border-radius: 0px;\r\nborder: 1px solid #ccc;}\r\n\r\n#huge_it_portfolio_content_2 #huge_it_portfolio_filters_2 ul li a {\r\n    font-size:14px !important;\r\n    color:#555555 !important;\r\n    background-color: #F7F7F7 !important;\r\n    border-radius: 0px;\r\n    padding:3px;\r\n    display: block;\r\n    text-decoration: none;\r\n}\r\n\r\n#huge_it_portfolio_content_2 #huge_it_portfolio_filters_2  ul li a:hover {\r\n    color:#ffffff !important;\r\n    background-color: #FF3845 !important;\r\n    cursor: pointer\r\n}\r\n#huge_it_portfolio_content_2 #huge_it_portfolio_filters_2 ul li.active a,\r\n#huge_it_portfolio_content_2 #huge_it_portfolio_filters_2 ul li.active a:link,\r\n#huge_it_portfolio_content_2 #huge_it_portfolio_filters_2 ul li.active a:visited,\r\n#huge_it_portfolio_content_2 #huge_it_portfolio_filters_2  ul li.active a:hover,\r\n#huge_it_portfolio_content_2 #huge_it_portfolio_filters_2  ul li.active a:focus,\r\n#huge_it_portfolio_content_2 #huge_it_portfolio_filters_2  ul li.active a:active {\r\n    color:#ffffff !important;\r\n    background-color: #FF3845 !important;\r\n    cursor: pointer;\r\n}\r\n#huge_it_portfolio_content_2 section {\r\n    position:relative;\r\n    display:block;\r\n}\r\n\r\n#huge_it_portfolio_content_2 #huge_it_portfolio_container_2 {\r\n    width: 79%;\r\n    max-width: 100%;\r\nwidth:100%;opacity: 0;}\r\n\r\n#port-sort-direction {\r\nfloat: left !important;}\r\n@media screen and (max-width: 768px) {\r\n\r\n    #huge_it_portfolio_content_2 #huge_it_portfolio_filters_2 ul li a,\r\n    #huge_it_portfolio_content_2 #huge_it_portfolio_filters_2 ul li a:link,\r\n    #huge_it_portfolio_content_2 #huge_it_portfolio_filters_2 ul li a:visited {\r\n        font-size: 2vw !important;\r\n    }\r\n    #huge_it_portfolio_content_2 #huge_it_portfolio_options_2 ul li a {\r\n        font-size:2vw !important;\r\n    }\r\n\r\n}\r\n@media screen and (max-width: 480px) {\r\n    #huge_it_portfolio_content_2 #huge_it_portfolio_options_2 {\r\n        float: left;\r\n    }\r\n    #huge_it_portfolio_content_2 #huge_it_portfolio_options_2 #sort-by{\r\n        float: left;\r\n        width: 100% !important;\r\n    }\r\n    #huge_it_portfolio_content_2 #huge_it_portfolio_options_2 #port-sort-direction{\r\n        float: left;\r\n        width: 100% !important;\r\n        position: relative;\r\n        padding-left: 31% !important;\r\n        right: 31%;\r\n    }\r\n    #huge_it_portfolio_content_2 #huge_it_portfolio_filters_2 ul li a,\r\n    #huge_it_portfolio_content_2 #huge_it_portfolio_filters_2 ul li a:link,\r\n    #huge_it_portfolio_content_2 #huge_it_portfolio_filters_2 ul li a:visited {\r\n        font-size: 3vw !important;\r\n    }\r\n    #huge_it_portfolio_content_2 #huge_it_portfolio_options_2 ul li a {\r\n        line-height: 3vw;\r\n        font-size:3vw !important;\r\n    }\r\n}\r\n@media screen and (max-width: 420px) {\r\n\r\n    #huge_it_portfolio_content_2 #huge_it_portfolio_filters_2 ul li a,\r\n    #huge_it_portfolio_content_2 #huge_it_portfolio_filters_2 ul li a:link,\r\n    #huge_it_portfolio_content_2 #huge_it_portfolio_filters_2 ul li a:visited {\r\n        font-size: 4vw !important;\r\n    }\r\n    #huge_it_portfolio_content_2 #huge_it_portfolio_options_2 ul li a {\r\n        font-size:4vw !important;\r\n    }\r\n}\r\n@media screen and (max-width: 315px) {\r\n    .portelement_2  {\r\n        width:98%;\r\n        margin: 1% !important;\r\n        float: left;\r\n        overflow: hidden;\r\n        outline:none;\r\n        border:eeeeeepx solid #D0D0D0;\r\n    }\r\n    .wd-portfolio-panel_2 {\r\n        width: 100% !important;\r\n    }\r\n}\r\n#huge-it-container-loading-overlay_2 {\r\n    width: 100%;\r\n    height: 100%;\r\n    position: absolute;\r\n    z-index: 1;\r\n    background:  url(http:\/\/www.adventure-zone.hr\/hu\/wp-content\/plugins\/portfolio-gallery\/assets\/images\/loading\/loading-1.svg) center top ;\r\n    background-repeat: no-repeat;\r\n    background-size: 60px auto;\r\n}\r\n#huge_it_portfolio_options_and_filters_2 {\r\n    position: relative;\r\n    float: left;\r\n    width: 20%;\r\n    max-width: 180px;\r\n    float:;\r\nmargin-left:1%;}\r\n<\/style>\n","protected":false},"excerpt":{"rendered":"<p>Ha az adrenalin \u00f6r\u00f6m\u00f6t l\u00e1tja 4 ker\u00e9kkel \u00e9s sz\u00e9led a hajadon, akkor a quadok a megfelel\u0151 v\u00e1laszt\u00e1s az \u00d6n sz\u00e1m\u00e1ra! F\u00fcggetlen\u00fcl att\u00f3l, hogy egy adrenalin \u00fatra d\u00f6ntenek egy tapasztalt Baranja-dombok cirk\u00e1l\u00f3j\u00e1n, vagy csak n\u00e9h\u00e1ny k\u00f6r\u00f6n a sz\u00f3rakoztat\u00f3 k\u00f6rzetben, felk\u00e9sz\u00fcljenek arra, hogy \u00faj szeretetet fedezzenek fel, hiszen ha valaki egyszer megpr\u00f3b\u00e1lja, kis g\u00e9pek.<\/p>\n","protected":false},"author":1,"featured_media":0,"parent":0,"menu_order":0,"comment_status":"closed","ping_status":"closed","template":"","meta":[],"aioseo_notices":[],"_links":{"self":[{"href":"http:\/\/www.adventure-zone.hr\/hu\/wp-json\/wp\/v2\/pages\/58"}],"collection":[{"href":"http:\/\/www.adventure-zone.hr\/hu\/wp-json\/wp\/v2\/pages"}],"about":[{"href":"http:\/\/www.adventure-zone.hr\/hu\/wp-json\/wp\/v2\/types\/page"}],"author":[{"embeddable":true,"href":"http:\/\/www.adventure-zone.hr\/hu\/wp-json\/wp\/v2\/users\/1"}],"replies":[{"embeddable":true,"href":"http:\/\/www.adventure-zone.hr\/hu\/wp-json\/wp\/v2\/comments?post=58"}],"version-history":[{"count":1,"href":"http:\/\/www.adventure-zone.hr\/hu\/wp-json\/wp\/v2\/pages\/58\/revisions"}],"predecessor-version":[{"id":59,"href":"http:\/\/www.adventure-zone.hr\/hu\/wp-json\/wp\/v2\/pages\/58\/revisions\/59"}],"wp:attachment":[{"href":"http:\/\/www.adventure-zone.hr\/hu\/wp-json\/wp\/v2\/media?parent=58"}],"curies":[{"name":"wp","href":"https:\/\/api.w.org\/{rel}","templated":true}]}}