{"id":60,"date":"2018-10-04T19:25:09","date_gmt":"2018-10-04T19:25:09","guid":{"rendered":"http:\/\/www.adventure-zone.hr\/hu\/?page_id=60"},"modified":"2018-10-05T17:14:47","modified_gmt":"2018-10-05T16:14:47","slug":"harci-ijaszat","status":"publish","type":"page","link":"http:\/\/www.adventure-zone.hr\/hu\/harci-ijaszat\/","title":{"rendered":"Harci \u00edj\u00e1szat"},"content":{"rendered":"<p>A harci \u00edj\u00e1szat olyan j\u00e1t\u00e9k, amelyet \u00edjak \u00e9s nyilak j\u00e1tszanak. Az egyik l\u0151 a c\u00e9lpontokon &#8211; nemcsak r\u00f6gz\u00edtettek, hanem \u00e9l\u0151 mozg\u00f3 c\u00e9lpontok is &#8230; A ny\u00edl\u00e1sok term\u00e9szetesen spongyos hegyekkel vannak ell\u00e1tva, \u00e9s a tal\u00e1lat szinte f\u00e1jdalommentes \ud83d\ude42<\/p>\n<p>Ennek a dinamikus \u00e9s sz\u00f3rakoztat\u00f3 j\u00e1t\u00e9knak a j\u00e1t\u00e9ka k\u00e9t felfele felf\u00fajt akad\u00e1lyt tartalmaz, hasonl\u00f3an a j\u00f3l ismert gyerekj\u00e1t\u00e9khoz. A v\u00e9d\u0151felszerel\u00e9s v\u00e9d\u0151maszkot \u00e9s k\u00e9z- \u00e9s \u00f6k\u00f6lv\u00e9d\u0151t tartalmaz. Amellett, hogy az ellenf\u00e9l csapat tagjait c\u00e9lozz\u00e1k meg, a pontok a k\u00e9t terep k\u00f6z\u00e9ppontj\u00e1ban r\u00f6gz\u00edtett l\u00f6v\u00e9si c\u00e9lokkal \u00e9rhet\u0151k el. A dodgeballhoz hasonl\u00f3an, ahol a csapat kiz\u00e1rt j\u00e1t\u00e9kosai a labda elkap\u00e1s\u00e1val t\u00e9rhetnek vissza a j\u00e1t\u00e9khoz, a harci \u00edj\u00e1szathoz ez a nyilat is el\u00e9rheti. Hi\u00e1baval\u00f3nak t\u0171nik? A leg\u00e9rdekesebb mozdulatok, el\u0151reteker\u00e9s, h\u00e1trafel\u00e9, g\u00f6rd\u00fcl\u00e9s, hajl\u00edt\u00e1s, csavar\u00e1s t\u00f6rt\u00e9nik \u00e9ppen a ny\u00edl megragad\u00e1sa \u00e9s az elesett csapatt\u00e1rsa ment\u00e9se \u00e9rdek\u00e9ben &#8211; \u00e9s sokan sikeresek. Minden j\u00e1t\u00e9k id\u0151z\u00edtett, \u00e9s a legt\u00f6bb pontot nyert csapat nyer.<\/p>\n<section id=\"huge_it_portfolio_content_3\"\r\n         class=\"portfolio-gallery-content \"\r\n         data-portfolio-id=\"3\">\r\n\t<div id=\"huge-it-container-loading-overlay_3\"><\/div>\r\n\t\t\t\t\t\t<div id=\"huge_it_portfolio_container_3\"\r\n\t     class=\"huge_it_portfolio_container super-list variable-sizes clearfix view-lightbox-gallery\"\r\n\t     data-show-loading=\"on\"\r\n\t     data-show-center=\"off\" >\r\n\r\n\r\n\t\t\t\t\t<div\r\n\t\t\t\tclass=\"portelement portelement_3 portfolio-lightbox   \" tabindex=\"0\" data-symbol=\"\" data-category=\"alkaline-earth\">\r\n                <p style=\"display:none;\" class=\"load_date\">2018-10-05 19:22:05<\/p>\r\n                <p style=\"display:none;\" class=\"number\">15<\/p>\r\n\t\t\t\t<p style=\"display: none;\" class=\"id\">15<\/p>\r\n\t\t\t\t<div class=\"image-block_3\">\r\n\t\t\t\t\t\t\t\t\t\t\t\t\t\t\t\t\t\t\t\t\t\t\t<a href=\"http:\/\/www.adventure-zone.hr\/hu\/wp-content\/uploads\/sites\/6\/2018\/10\/IMG_7969-1024x683.jpg\"\r\n\t\t\t\t\t\t\t\t   class=\" portfolio-lightbox-group3\"\r\n                                   data-description=\" \"\r\n\t\t\t\t\t\t\t\t   title=\"\">\r\n\t\t\t\t\t\t\t\t\t<img alt=\"\"\r\n\t\t\t\t\t\t\t\t\t     id=\"wd-cl-img0\"\r\n                                         data-title=\" IMG_7969-1024x683\"\r\n\t\t\t\t\t\t\t\t\t     src=\"http:\/\/www.adventure-zone.hr\/hu\/wp-content\/uploads\/sites\/6\/2018\/10\/IMG_7969-1024x683-1024x683.jpg\"\/>\r\n\t\t\t\t\t\t\t\t<\/a>\r\n\t\t\t\t\t\t\t\t\t\t\t\t<\/div>\r\n\t\t\t\t\t\t\t<\/div>\r\n\t\t\t\t\t\t<div\r\n\t\t\t\tclass=\"portelement portelement_3 portfolio-lightbox   \" tabindex=\"0\" data-symbol=\"\" data-category=\"alkaline-earth\">\r\n                <p style=\"display:none;\" class=\"load_date\">2018-10-05 19:22:00<\/p>\r\n                <p style=\"display:none;\" class=\"number\">14<\/p>\r\n\t\t\t\t<p style=\"display: none;\" class=\"id\">14<\/p>\r\n\t\t\t\t<div class=\"image-block_3\">\r\n\t\t\t\t\t\t\t\t\t\t\t\t\t\t\t\t\t\t\t\t\t\t\t<a href=\"http:\/\/www.adventure-zone.hr\/hu\/wp-content\/uploads\/sites\/6\/2018\/10\/IMG_7975-1024x683.jpg\"\r\n\t\t\t\t\t\t\t\t   class=\" portfolio-lightbox-group3\"\r\n                                   data-description=\" \"\r\n\t\t\t\t\t\t\t\t   title=\"\">\r\n\t\t\t\t\t\t\t\t\t<img alt=\"\"\r\n\t\t\t\t\t\t\t\t\t     id=\"wd-cl-img1\"\r\n                                         data-title=\" IMG_7975-1024x683\"\r\n\t\t\t\t\t\t\t\t\t     src=\"http:\/\/www.adventure-zone.hr\/hu\/wp-content\/uploads\/sites\/6\/2018\/10\/IMG_7975-1024x683-1024x683.jpg\"\/>\r\n\t\t\t\t\t\t\t\t<\/a>\r\n\t\t\t\t\t\t\t\t\t\t\t\t<\/div>\r\n\t\t\t\t\t\t\t<\/div>\r\n\t\t\t\t\t\t<div\r\n\t\t\t\tclass=\"portelement portelement_3 portfolio-lightbox   \" tabindex=\"0\" data-symbol=\"\" data-category=\"alkaline-earth\">\r\n                <p style=\"display:none;\" class=\"load_date\">2018-10-05 19:21:54<\/p>\r\n                <p style=\"display:none;\" class=\"number\">13<\/p>\r\n\t\t\t\t<p style=\"display: none;\" class=\"id\">13<\/p>\r\n\t\t\t\t<div class=\"image-block_3\">\r\n\t\t\t\t\t\t\t\t\t\t\t\t\t\t\t\t\t\t\t\t\t\t\t<a href=\"http:\/\/www.adventure-zone.hr\/hu\/wp-content\/uploads\/sites\/6\/2018\/10\/IMG_7848-1024x683.jpg\"\r\n\t\t\t\t\t\t\t\t   class=\" portfolio-lightbox-group3\"\r\n                                   data-description=\" \"\r\n\t\t\t\t\t\t\t\t   title=\"\">\r\n\t\t\t\t\t\t\t\t\t<img alt=\"\"\r\n\t\t\t\t\t\t\t\t\t     id=\"wd-cl-img2\"\r\n                                         data-title=\" IMG_7848-1024x683\"\r\n\t\t\t\t\t\t\t\t\t     src=\"http:\/\/www.adventure-zone.hr\/hu\/wp-content\/uploads\/sites\/6\/2018\/10\/IMG_7848-1024x683-1024x683.jpg\"\/>\r\n\t\t\t\t\t\t\t\t<\/a>\r\n\t\t\t\t\t\t\t\t\t\t\t\t<\/div>\r\n\t\t\t\t\t\t\t<\/div>\r\n\t\t\t\r\n\t\t<div style=\"clear:both;\"><\/div>\r\n\t<\/div>\r\n\r\n\r\n<\/section><style>\r\n\/***For Lifgtbox Gallery view***\/\r\n.play-icon.youtube-icon  {\r\n    background: url(http:\/\/www.adventure-zone.hr\/hu\/wp-content\/plugins\/portfolio-gallery\/assets\/images\/admin_images\/play.youtube.png) center center no-repeat;\r\n    background-size: 30% 30%;\r\n}\r\n.play-icon.vimeo-icon  {\r\n    background: url(http:\/\/www.adventure-zone.hr\/hu\/wp-content\/plugins\/portfolio-gallery\/assets\/images\/admin_images\/play.vimeo.png) center center no-repeat;\r\n    background-size: 30% 30%;\r\n}\r\n.play-icon {\r\n    position: absolute;\r\n    top: 0;\r\n    left: 0;\r\n    width: 100%;\r\n    height: 100%;\r\n}\r\n\/***<\/add>***\/\r\n.portelement_3 {\r\n    max-width:275px;\r\n    width: 100%;\r\n    margin:0 0 10px 0;\r\n    border:0px solid #eeeeee;\r\n    border-radius:3px;\r\n    outline:none;\r\n    overflow:hidden;\r\n}\r\n\r\n.portelement_3 .image-block_3 {\r\n    position:relative;\r\n    max-width:275px;\r\n    width:100%;\r\n}\r\n.portelement_3 .image-block_3 a {\r\n    border:none;\r\n    display: block;\r\n    cursor: -webkit-zoom-in; cursor: -moz-zoom-in;\r\n}\r\n.portelement_3 .image-block_3 img {\r\n    margin:0 !important;\r\n    padding:0 !important;\r\n    max-width:275px !important;\r\n    width: 100%;\r\n    height:auto;\r\n    display:block;\r\n    border-radius: 0 !important;\r\n    box-shadow: 0 0 0 rgba(0, 0, 0, 0) !important;\r\n}\r\n\r\n.portelement_3 .image-block_3 img:hover {\r\n    cursor: -webkit-zoom-in; cursor: -moz-zoom-in;\r\n}\r\n\r\n.portelement_3 .title-block_3 {\r\n    position:absolute;\r\n    text-overflow: ellipsis;\r\n    overflow: hidden;\r\n    left:0;\r\n    width:100%;\r\n    height: 30px;\r\n    bottom:-31px;\r\n    background: rgba(0,0,0,0.8)  !important;\r\n    -webkit-transition: bottom 0.3s ease-out 0.1s;\r\n    -moz-transition: bottom 0.3s ease-out 0.1s;\r\n    -o-transition: bottom 0.3s ease-out 0.1s;\r\n    transition: bottom 0.3s ease-out 0.1s;\r\n}\r\n\r\n.portelement_3:hover .title-block_3 {bottom:0;}\r\n\r\n.portelement_3 .title-block_3 a, .portelement_3 .title-block_3 a:link, .portelement_3 .title-block_3 a:visited, \r\n.portelement_3 .title-block_3 {\r\n    margin:0;\r\n    padding:0 1% 0 2%;\r\n    text-decoration:none;\r\n    text-overflow: ellipsis;\r\n    overflow: hidden;\r\n    white-space:nowrap;\r\n    z-index:20;\r\n    font-size: 16px;\r\n    color:#0074A2;\r\n    font-weight:normal;\r\n    border: none;\r\n    box-shadow: none;\r\n}\r\n\r\n\r\n\r\n.portelement_3 .title-block_3 a:hover, .portelement_3 .title-block_3 a:focus, .portelement_3 .title-block_3 a:active, \r\n.portelement_3 .title-block_3:hover {\r\n    color:#2EA2CD;\r\n    text-decoration:none;\r\n}\r\n\r\n#huge_it_portfolio_content_3 #huge_it_portfolio_options_3 {\r\n    position: relative;\r\n    overflow: hidden;\r\nfloat:;max-width:180px;width:20%;display:inline-block;margin-left:1%;\r\nopacity: 0;    margin-bottom: 10px;\r\n}\r\n\r\n#huge_it_portfolio_content_3 #huge_it_portfolio_options_3 ul {\r\n    margin: 0 !important;\r\n    padding: 0 !important;\r\n    list-style: none;\r\n}\r\n\r\n#huge_it_portfolio_content_3 #huge_it_portfolio_filters_3 ul {\r\n    margin: 0 !important;\r\n    padding: 0 !important;\r\n    overflow: hidden;\r\n    width: 100%;\r\n}\r\n\r\n#huge_it_portfolio_content_3 #huge_it_portfolio_options_3 ul li {\r\n    border-radius: 0px;\r\n    list-style-type: none;\r\n    margin: 0 !important;\r\n    padding: 0;\r\nborder: 1px solid #ccc;}\r\n\r\n#huge_it_portfolio_content_3 #huge_it_portfolio_options_3 ul li a {\r\n    background-color: #F7F7F7 !important;\r\n    font-size:14px !important;\r\n    color:#555555 !important;\r\n    text-decoration: none;\r\n    cursor: pointer;\r\n    margin: 0 !important;\r\n    display: block;\r\n    padding:3px;\r\n    border-radius: 0px;\r\n}\r\n\r\n\r\n#huge_it_portfolio_content_3 #huge_it_portfolio_options_3 ul li a:hover {\r\n    background-color: #FF3845 !important;\r\n    color:#ffffff !important;\r\n    cursor: pointer;\r\n}\r\n\r\n#huge_it_portfolio_content_3 #huge_it_portfolio_filters_3 {\r\n    float: left;\r\n    position: relative;\r\nfloat:;max-width:180px;width:20%;display:inline-block;margin-left:1%;\r\nopacity: 0;}\r\n\r\n#huge_it_portfolio_content_3 #huge_it_portfolio_filters_3 ul li {\r\n    list-style-type: none;\r\n    border-radius: 0px;\r\nborder: 1px solid #ccc;}\r\n\r\n#huge_it_portfolio_content_3 #huge_it_portfolio_filters_3 ul li a {\r\n    font-size:14px !important;\r\n    color:#555555 !important;\r\n    background-color: #F7F7F7 !important;\r\n    border-radius: 0px;\r\n    padding:3px;\r\n    display: block;\r\n    text-decoration: none;\r\n}\r\n\r\n#huge_it_portfolio_content_3 #huge_it_portfolio_filters_3  ul li a:hover {\r\n    color:#ffffff !important;\r\n    background-color: #FF3845 !important;\r\n    cursor: pointer\r\n}\r\n#huge_it_portfolio_content_3 #huge_it_portfolio_filters_3 ul li.active a,\r\n#huge_it_portfolio_content_3 #huge_it_portfolio_filters_3 ul li.active a:link,\r\n#huge_it_portfolio_content_3 #huge_it_portfolio_filters_3 ul li.active a:visited,\r\n#huge_it_portfolio_content_3 #huge_it_portfolio_filters_3  ul li.active a:hover,\r\n#huge_it_portfolio_content_3 #huge_it_portfolio_filters_3  ul li.active a:focus,\r\n#huge_it_portfolio_content_3 #huge_it_portfolio_filters_3  ul li.active a:active {\r\n    color:#ffffff !important;\r\n    background-color: #FF3845 !important;\r\n    cursor: pointer;\r\n}\r\n#huge_it_portfolio_content_3 section {\r\n    position:relative;\r\n    display:block;\r\n}\r\n\r\n#huge_it_portfolio_content_3 #huge_it_portfolio_container_3 {\r\n    width: 79%;\r\n    max-width: 100%;\r\nwidth:100%;opacity: 0;}\r\n\r\n#port-sort-direction {\r\nfloat: left !important;}\r\n@media screen and (max-width: 768px) {\r\n\r\n    #huge_it_portfolio_content_3 #huge_it_portfolio_filters_3 ul li a,\r\n    #huge_it_portfolio_content_3 #huge_it_portfolio_filters_3 ul li a:link,\r\n    #huge_it_portfolio_content_3 #huge_it_portfolio_filters_3 ul li a:visited {\r\n        font-size: 2vw !important;\r\n    }\r\n    #huge_it_portfolio_content_3 #huge_it_portfolio_options_3 ul li a {\r\n        font-size:2vw !important;\r\n    }\r\n\r\n}\r\n@media screen and (max-width: 480px) {\r\n    #huge_it_portfolio_content_3 #huge_it_portfolio_options_3 {\r\n        float: left;\r\n    }\r\n    #huge_it_portfolio_content_3 #huge_it_portfolio_options_3 #sort-by{\r\n        float: left;\r\n        width: 100% !important;\r\n    }\r\n    #huge_it_portfolio_content_3 #huge_it_portfolio_options_3 #port-sort-direction{\r\n        float: left;\r\n        width: 100% !important;\r\n        position: relative;\r\n        padding-left: 31% !important;\r\n        right: 31%;\r\n    }\r\n    #huge_it_portfolio_content_3 #huge_it_portfolio_filters_3 ul li a,\r\n    #huge_it_portfolio_content_3 #huge_it_portfolio_filters_3 ul li a:link,\r\n    #huge_it_portfolio_content_3 #huge_it_portfolio_filters_3 ul li a:visited {\r\n        font-size: 3vw !important;\r\n    }\r\n    #huge_it_portfolio_content_3 #huge_it_portfolio_options_3 ul li a {\r\n        line-height: 3vw;\r\n        font-size:3vw !important;\r\n    }\r\n}\r\n@media screen and (max-width: 420px) {\r\n\r\n    #huge_it_portfolio_content_3 #huge_it_portfolio_filters_3 ul li a,\r\n    #huge_it_portfolio_content_3 #huge_it_portfolio_filters_3 ul li a:link,\r\n    #huge_it_portfolio_content_3 #huge_it_portfolio_filters_3 ul li a:visited {\r\n        font-size: 4vw !important;\r\n    }\r\n    #huge_it_portfolio_content_3 #huge_it_portfolio_options_3 ul li a {\r\n        font-size:4vw !important;\r\n    }\r\n}\r\n@media screen and (max-width: 315px) {\r\n    .portelement_3  {\r\n        width:98%;\r\n        margin: 1% !important;\r\n        float: left;\r\n        overflow: hidden;\r\n        outline:none;\r\n        border:eeeeeepx solid #D0D0D0;\r\n    }\r\n    .wd-portfolio-panel_3 {\r\n        width: 100% !important;\r\n    }\r\n}\r\n#huge-it-container-loading-overlay_3 {\r\n    width: 100%;\r\n    height: 100%;\r\n    position: absolute;\r\n    z-index: 1;\r\n    background:  url(http:\/\/www.adventure-zone.hr\/hu\/wp-content\/plugins\/portfolio-gallery\/assets\/images\/loading\/loading-1.svg) center top ;\r\n    background-repeat: no-repeat;\r\n    background-size: 60px auto;\r\n}\r\n#huge_it_portfolio_options_and_filters_3 {\r\n    position: relative;\r\n    float: left;\r\n    width: 20%;\r\n    max-width: 180px;\r\n    float:;\r\nmargin-left:1%;}\r\n<\/style>\n","protected":false},"excerpt":{"rendered":"<p>A harci \u00edj\u00e1szat olyan j\u00e1t\u00e9k, amelyet \u00edjak \u00e9s nyilak j\u00e1tszanak. Az egyik l\u0151 a c\u00e9lpontokon &#8211; nemcsak r\u00f6gz\u00edtettek, hanem \u00e9l\u0151 mozg\u00f3 c\u00e9lpontok is &#8230; A ny\u00edl\u00e1sok term\u00e9szetesen spongyos hegyekkel vannak ell\u00e1tva, \u00e9s a tal\u00e1lat szinte f\u00e1jdalommentes \ud83d\ude42 Ennek a dinamikus \u00e9s sz\u00f3rakoztat\u00f3 j\u00e1t\u00e9knak a j\u00e1t\u00e9ka k\u00e9t felfele felf\u00fajt akad\u00e1lyt tartalmaz, hasonl\u00f3an a j\u00f3l ismert gyerekj\u00e1t\u00e9khoz. [&hellip;]<\/p>\n","protected":false},"author":1,"featured_media":0,"parent":0,"menu_order":0,"comment_status":"closed","ping_status":"closed","template":"","meta":[],"aioseo_notices":[],"_links":{"self":[{"href":"http:\/\/www.adventure-zone.hr\/hu\/wp-json\/wp\/v2\/pages\/60"}],"collection":[{"href":"http:\/\/www.adventure-zone.hr\/hu\/wp-json\/wp\/v2\/pages"}],"about":[{"href":"http:\/\/www.adventure-zone.hr\/hu\/wp-json\/wp\/v2\/types\/page"}],"author":[{"embeddable":true,"href":"http:\/\/www.adventure-zone.hr\/hu\/wp-json\/wp\/v2\/users\/1"}],"replies":[{"embeddable":true,"href":"http:\/\/www.adventure-zone.hr\/hu\/wp-json\/wp\/v2\/comments?post=60"}],"version-history":[{"count":1,"href":"http:\/\/www.adventure-zone.hr\/hu\/wp-json\/wp\/v2\/pages\/60\/revisions"}],"predecessor-version":[{"id":61,"href":"http:\/\/www.adventure-zone.hr\/hu\/wp-json\/wp\/v2\/pages\/60\/revisions\/61"}],"wp:attachment":[{"href":"http:\/\/www.adventure-zone.hr\/hu\/wp-json\/wp\/v2\/media?parent=60"}],"curies":[{"name":"wp","href":"https:\/\/api.w.org\/{rel}","templated":true}]}}