{"id":62,"date":"2018-10-04T19:26:26","date_gmt":"2018-10-04T19:26:26","guid":{"rendered":"http:\/\/www.adventure-zone.hr\/hu\/?page_id=62"},"modified":"2018-10-05T17:28:30","modified_gmt":"2018-10-05T16:28:30","slug":"paintball","status":"publish","type":"page","link":"http:\/\/www.adventure-zone.hr\/hu\/paintball\/","title":{"rendered":"Paintball"},"content":{"rendered":"<p>A Paintball olyan csapatj\u00e1t\u00e9k, amely sok mindent megtudhat a szem\u00e9lyes tapasztalatokb\u00f3l vagy legend\u00e1kb\u00f3l. Azok sz\u00e1m\u00e1ra azonban, akik m\u00e9g nem v\u00e1lnak paintball rajong\u00f3kk\u00e1, t\u00f6bb alapvet\u0151 szab\u00e1ly is l\u00e9tezik:<\/p>\n<ul>\n<li>A maszk OBLIGATORY v\u00e9d\u0151felszerel\u00e9s<\/li>\n<li>A t\u00e1mad\u00e1s egyetlen megengedett eszk\u00f6ze egy olyan marker, amely fest\u00e9kkel t\u00f6lt\u00f6tt goly\u00f3kat (CO2 vagy leveg\u0151vel t\u00f6lt\u00f6tt palackokat haszn\u00e1l)<\/li>\n<li>A v\u00e9dekez\u00e9s gyors fut\u00e1st tesz lehet\u0151v\u00e9, elker\u00fclve a goly\u00f3kat m\u00e1trix-st\u00edlusban vagy az akad\u00e1ly m\u00f6g\u00e9 bujk\u00e1lva (ez\u00e1ltal, ha t\u00fal sok\u00e1ig tartja, h\u00edrhedt \u00e9s hom\u00e1lyos &#8222;kemping&#8221; lesz). A paintballban l\u00e1tni fogod, hogy a v\u00e9g\u00e9n a r\u00e9gi mond\u00e1s, hogy &#8222;a t\u00e1mad\u00e1s a legjobb v\u00e9delem&#8221; a legjobb. \u00c9s ez is a legsz\u00f3rakoztat\u00f3bb lehet\u0151s\u00e9g;)<\/li>\n<li>A paintball-labd\u00e1val val\u00f3 fell\u00e9p\u00e9st be kell vonni, mert m\u00e9g akkor is, ha csendben maradsz, akkor a sz\u00ednt sik\u00edtani fogod (\u00e9s nem csak a sz\u00ednt, ha a hit el\u00e9g \u00e9les volt)<\/li>\n<li>Sem a h\u00f3, sem a j\u00e9g, a m\u00ednusz \u00e9s a plusz nem akad\u00e1lyozhatja meg a j\u00e1t\u00e9kot &#8211; csak tervezett es\u0151 nem \u00f6r\u00fclhet<\/li>\n<li>A 15 \u00e9ves \u00e9s id\u0151sebb j\u00e1t\u00e9kosok j\u00e1tszhatnak, ami fontos, hogy legal\u00e1bb 6.<\/li>\n<\/ul>\n<p>Lehet j\u00e1tszani a Karanac (nagyobb term\u00e9szetes boz\u00f3tos mez\u0151 \u00e9s kisebb mez\u0151k mesters\u00e9ges akad\u00e1lyokkal) egyik ter\u00fclet\u00e9n, Osijekban a Pampas ter\u00fclet\u00e9n, vagy a Tenja egyik m\u00faltra visszatekint\u0151 h\u00edres v\u00e1rosi \u00fatj\u00e1n. Tov\u00e1bb\u00e1, ha saj\u00e1t megfelel\u0151 terep\u00fcnk van, akkor felk\u00e9sz\u00edthet\u00fcnk egy tanfolyamot felf\u00fajhat\u00f3 akad\u00e1lyainkkal.<\/p>\n","protected":false},"excerpt":{"rendered":"<p>A Paintball olyan csapatj\u00e1t\u00e9k, amely sok mindent megtudhat a szem\u00e9lyes tapasztalatokb\u00f3l vagy legend\u00e1kb\u00f3l. Azok sz\u00e1m\u00e1ra azonban, akik m\u00e9g nem v\u00e1lnak paintball rajong\u00f3kk\u00e1, t\u00f6bb alapvet\u0151 szab\u00e1ly is l\u00e9tezik: A maszk OBLIGATORY v\u00e9d\u0151felszerel\u00e9s A t\u00e1mad\u00e1s egyetlen megengedett eszk\u00f6ze egy olyan marker, amely fest\u00e9kkel t\u00f6lt\u00f6tt goly\u00f3kat (CO2 vagy leveg\u0151vel t\u00f6lt\u00f6tt palackokat haszn\u00e1l) A v\u00e9dekez\u00e9s gyors fut\u00e1st tesz lehet\u0151v\u00e9, [&hellip;]<\/p>\n","protected":false},"author":1,"featured_media":0,"parent":0,"menu_order":0,"comment_status":"closed","ping_status":"closed","template":"","meta":[],"aioseo_notices":[],"_links":{"self":[{"href":"http:\/\/www.adventure-zone.hr\/hu\/wp-json\/wp\/v2\/pages\/62"}],"collection":[{"href":"http:\/\/www.adventure-zone.hr\/hu\/wp-json\/wp\/v2\/pages"}],"about":[{"href":"http:\/\/www.adventure-zone.hr\/hu\/wp-json\/wp\/v2\/types\/page"}],"author":[{"embeddable":true,"href":"http:\/\/www.adventure-zone.hr\/hu\/wp-json\/wp\/v2\/users\/1"}],"replies":[{"embeddable":true,"href":"http:\/\/www.adventure-zone.hr\/hu\/wp-json\/wp\/v2\/comments?post=62"}],"version-history":[{"count":8,"href":"http:\/\/www.adventure-zone.hr\/hu\/wp-json\/wp\/v2\/pages\/62\/revisions"}],"predecessor-version":[{"id":149,"href":"http:\/\/www.adventure-zone.hr\/hu\/wp-json\/wp\/v2\/pages\/62\/revisions\/149"}],"wp:attachment":[{"href":"http:\/\/www.adventure-zone.hr\/hu\/wp-json\/wp\/v2\/media?parent=62"}],"curies":[{"name":"wp","href":"https:\/\/api.w.org\/{rel}","templated":true}]}}