{"id":93,"date":"2018-10-04T20:44:53","date_gmt":"2018-10-04T19:44:53","guid":{"rendered":"http:\/\/www.adventure-zone.hr\/hu\/?page_id=93"},"modified":"2018-10-04T21:09:04","modified_gmt":"2018-10-04T20:09:04","slug":"rolunk","status":"publish","type":"page","link":"http:\/\/www.adventure-zone.hr\/hu\/rolunk\/","title":{"rendered":"R\u00f3lunk"},"content":{"rendered":"<p>A kalandz\u00f3n\u00e1s t\u00e1rsas\u00e1got 2015-ben hozt\u00e1k l\u00e9tre azzal a c\u00e9llal, hogy n\u00f6velje az adrenalin-k\u00edn\u00e1lat k\u00edn\u00e1lat\u00e1t Szlav\u00f3nia \u00e9s Bar\u00e1ny ter\u00fclet\u00e9n.<\/p>\n<p>Tev\u00e9kenys\u00e9g\u00fcnk els\u0151sorban sz\u00f3rakoztat\u00f3 csapatj\u00e1t\u00e9kok szervez\u00e9s\u00e9t jelenti olyan egyre n\u00f6vekv\u0151 sz\u00e1m\u00fa v\u00e1llalat sz\u00e1m\u00e1ra, akik vid\u00e9ki horv\u00e1torsz\u00e1gi csapat\u00e9p\u00edt\u0151 programjaikat szeretn\u00e9k megval\u00f3s\u00edtani. A turisztikai \u00fcgyn\u00f6ks\u00e9gekkel egy\u00fcttm\u0171k\u00f6dve egyre t\u00f6bbet vesz\u00fcnk r\u00e9szt a r\u00e9gi\u00f3k k\u00fcl\u00f6nb\u00f6z\u0151 csoportokba val\u00f3 l\u00e1togat\u00e1sainak teljes k\u00f6r\u0171 el\u0151k\u00e9sz\u00edt\u00e9s\u00e9ben, amelyek c\u00e9lja a r\u00e9gi\u00f3k term\u00e9szeti sz\u00e9ps\u00e9geinek, helyi gasztron\u00f3miai \u00e9s adrenalin tartalm\u00e1nak teljes k\u00f6r\u0171 \u00e9lvezete.<\/p>\n<p>Vannak olyan fiatalok is, akik a k\u00f6rnyez\u0151 ter\u00fcleteken keresnek barnai kem\u00e9nyen szerzett heti hossz\u00fa kir\u00e1ndul\u00e1st, \u00e9s itt vagyunk, hogy adrenalin &#8222;injekci\u00f3t&#8221; biztos\u00edtsunk.<br \/>\nNagyon \u00f6r\u00fcl\u00fcnk annak, hogy egyre t\u00f6bb ember szeretne akt\u00edv nyaral\u00e1st t\u00f6lteni Horv\u00e1torsz\u00e1gban, ez\u00e9rt megpr\u00f3b\u00e1ljuk n\u00f6velni k\u00edn\u00e1latunkat ennek megfelel\u0151en.<\/p>\n<p>Mindig megpr\u00f3b\u00e1ljuk testreszabni a programot a csoport strukt\u00far\u00e1j\u00e1hoz \u00e9s lelkesed\u00e9s\u00e9hez, \u00e9s azt tal\u00e1ljuk, hogy a legnagyobb siker\u00fcnk azok a sz\u00e9p eml\u00e9kek, amelyeket az emberek hoznak magukkal. Ez\u00e9rt egyre t\u00f6bb ember visszat\u00e9r a kontinent\u00e1lis Horv\u00e1torsz\u00e1gba, hogy t\u00f6lts\u00e9k szabads\u00e1gukat.<\/p>\n","protected":false},"excerpt":{"rendered":"<p>A kalandz\u00f3n\u00e1s t\u00e1rsas\u00e1got 2015-ben hozt\u00e1k l\u00e9tre azzal a c\u00e9llal, hogy n\u00f6velje az adrenalin-k\u00edn\u00e1lat k\u00edn\u00e1lat\u00e1t Szlav\u00f3nia \u00e9s Bar\u00e1ny ter\u00fclet\u00e9n. Tev\u00e9kenys\u00e9g\u00fcnk els\u0151sorban sz\u00f3rakoztat\u00f3 csapatj\u00e1t\u00e9kok szervez\u00e9s\u00e9t jelenti olyan egyre n\u00f6vekv\u0151 sz\u00e1m\u00fa v\u00e1llalat sz\u00e1m\u00e1ra, akik vid\u00e9ki horv\u00e1torsz\u00e1gi csapat\u00e9p\u00edt\u0151 programjaikat szeretn\u00e9k megval\u00f3s\u00edtani. A turisztikai \u00fcgyn\u00f6ks\u00e9gekkel egy\u00fcttm\u0171k\u00f6dve egyre t\u00f6bbet vesz\u00fcnk r\u00e9szt a r\u00e9gi\u00f3k k\u00fcl\u00f6nb\u00f6z\u0151 csoportokba val\u00f3 l\u00e1togat\u00e1sainak teljes k\u00f6r\u0171 el\u0151k\u00e9sz\u00edt\u00e9s\u00e9ben, amelyek [&hellip;]<\/p>\n","protected":false},"author":1,"featured_media":0,"parent":0,"menu_order":0,"comment_status":"closed","ping_status":"closed","template":"","meta":[],"aioseo_notices":[],"_links":{"self":[{"href":"http:\/\/www.adventure-zone.hr\/hu\/wp-json\/wp\/v2\/pages\/93"}],"collection":[{"href":"http:\/\/www.adventure-zone.hr\/hu\/wp-json\/wp\/v2\/pages"}],"about":[{"href":"http:\/\/www.adventure-zone.hr\/hu\/wp-json\/wp\/v2\/types\/page"}],"author":[{"embeddable":true,"href":"http:\/\/www.adventure-zone.hr\/hu\/wp-json\/wp\/v2\/users\/1"}],"replies":[{"embeddable":true,"href":"http:\/\/www.adventure-zone.hr\/hu\/wp-json\/wp\/v2\/comments?post=93"}],"version-history":[{"count":1,"href":"http:\/\/www.adventure-zone.hr\/hu\/wp-json\/wp\/v2\/pages\/93\/revisions"}],"predecessor-version":[{"id":94,"href":"http:\/\/www.adventure-zone.hr\/hu\/wp-json\/wp\/v2\/pages\/93\/revisions\/94"}],"wp:attachment":[{"href":"http:\/\/www.adventure-zone.hr\/hu\/wp-json\/wp\/v2\/media?parent=93"}],"curies":[{"name":"wp","href":"https:\/\/api.w.org\/{rel}","templated":true}]}}