{"id":95,"date":"2018-10-04T20:45:29","date_gmt":"2018-10-04T19:45:29","guid":{"rendered":"http:\/\/www.adventure-zone.hr\/hu\/?page_id=95"},"modified":"2018-10-05T17:08:12","modified_gmt":"2018-10-05T16:08:12","slug":"airsoft","status":"publish","type":"page","link":"http:\/\/www.adventure-zone.hr\/hu\/airsoft\/","title":{"rendered":"Airsoft"},"content":{"rendered":"<p>Az Airsoft olyan csapatj\u00e1t\u00e9k, amely hasonl\u00f3 a paintballhoz, a term\u00e9szetben j\u00e1tszott vagy a v\u00e1rosi terepen, a t\u00e1j\u00e9koz\u00f3d\u00e1s, a taktika, a kommunik\u00e1ci\u00f3 \u00e9s a csapatmunka nagyon fontos.<\/p>\n<p>Minden j\u00e1t\u00e9k egy egyed\u00fcl\u00e1ll\u00f3 t\u00f6rt\u00e9net, amely szab\u00e1lyokat \u00e9s feladatokat form\u00e1l, \u00e9s a c\u00e9l az adott k\u00fcldet\u00e9s sikeres v\u00e9grehajt\u00e1sa.<\/p>\n<p>A j\u00e1t\u00e9k re\u00e1lis replik\u00e1kat \u00e9s egyenruh\u00e1kat haszn\u00e1l, amelyek megfelelnek az id\u0151j\u00e1r\u00e1snak \u00e9s a meg\u00fajul\u00f3 t\u00e9manak, \u00e9s a FAIR PLAY is hallhat\u00f3, mivel a BB-k nem sz\u00edntelenek, ez\u00e9rt nem hagynak v\u00e9djegyet. Most csak a v\u00e9d\u0151felszerel\u00e9s, \u00e9s minden k\u00e9szen \u00e1ll arra, hogy a h\u00edres videoj\u00e1t\u00e9kok egyik t\u00e9rk\u00e9p\u00e9re ugorjon, vagy megtudhassa n\u00e9h\u00e1ny m\u00e9g befejezetlen k\u00fcldet\u00e9s\u00fcnket &#8230;<\/p>\n<section id=\"huge_it_portfolio_content_6\"\r\n         class=\"portfolio-gallery-content \"\r\n         data-portfolio-id=\"6\">\r\n\t<div id=\"huge-it-container-loading-overlay_6\"><\/div>\r\n\t\t\t\t\t\t<div id=\"huge_it_portfolio_container_6\"\r\n\t     class=\"huge_it_portfolio_container super-list variable-sizes clearfix view-lightbox-gallery\"\r\n\t     data-show-loading=\"on\"\r\n\t     data-show-center=\"off\" >\r\n\r\n\r\n\t\t\t\t\t<div\r\n\t\t\t\tclass=\"portelement portelement_6 portfolio-lightbox   \" tabindex=\"0\" data-symbol=\"\" data-category=\"alkaline-earth\">\r\n                <p style=\"display:none;\" class=\"load_date\">2018-10-05 19:26:29<\/p>\r\n                <p style=\"display:none;\" class=\"number\">24<\/p>\r\n\t\t\t\t<p style=\"display: none;\" class=\"id\">24<\/p>\r\n\t\t\t\t<div class=\"image-block_6\">\r\n\t\t\t\t\t\t\t\t\t\t\t\t\t\t\t\t\t\t\t\t\t\t\t<a href=\"http:\/\/www.adventure-zone.hr\/hu\/wp-content\/uploads\/sites\/6\/2018\/10\/IMG_8446-2-1024x768.jpg\"\r\n\t\t\t\t\t\t\t\t   class=\" portfolio-lightbox-group6\"\r\n                                   data-description=\" \"\r\n\t\t\t\t\t\t\t\t   title=\"\">\r\n\t\t\t\t\t\t\t\t\t<img alt=\"\"\r\n\t\t\t\t\t\t\t\t\t     id=\"wd-cl-img0\"\r\n                                         data-title=\" IMG_8446-2-1024x768\"\r\n\t\t\t\t\t\t\t\t\t     src=\"http:\/\/www.adventure-zone.hr\/hu\/wp-content\/uploads\/sites\/6\/2018\/10\/IMG_8446-2-1024x768-1024x768.jpg\"\/>\r\n\t\t\t\t\t\t\t\t<\/a>\r\n\t\t\t\t\t\t\t\t\t\t\t\t<\/div>\r\n\t\t\t\t\t\t\t<\/div>\r\n\t\t\t\t\t\t<div\r\n\t\t\t\tclass=\"portelement portelement_6 portfolio-lightbox   \" tabindex=\"0\" data-symbol=\"\" data-category=\"alkaline-earth\">\r\n                <p style=\"display:none;\" class=\"load_date\">2018-10-05 19:26:24<\/p>\r\n                <p style=\"display:none;\" class=\"number\">23<\/p>\r\n\t\t\t\t<p style=\"display: none;\" class=\"id\">23<\/p>\r\n\t\t\t\t<div class=\"image-block_6\">\r\n\t\t\t\t\t\t\t\t\t\t\t\t\t\t\t\t\t\t\t\t\t\t\t<a href=\"http:\/\/www.adventure-zone.hr\/hu\/wp-content\/uploads\/sites\/6\/2018\/10\/IMG_8447-1024x768.jpg\"\r\n\t\t\t\t\t\t\t\t   class=\" portfolio-lightbox-group6\"\r\n                                   data-description=\" \"\r\n\t\t\t\t\t\t\t\t   title=\"\">\r\n\t\t\t\t\t\t\t\t\t<img alt=\"\"\r\n\t\t\t\t\t\t\t\t\t     id=\"wd-cl-img1\"\r\n                                         data-title=\" IMG_8447-1024x768\"\r\n\t\t\t\t\t\t\t\t\t     src=\"http:\/\/www.adventure-zone.hr\/hu\/wp-content\/uploads\/sites\/6\/2018\/10\/IMG_8447-1024x768-1024x768.jpg\"\/>\r\n\t\t\t\t\t\t\t\t<\/a>\r\n\t\t\t\t\t\t\t\t\t\t\t\t<\/div>\r\n\t\t\t\t\t\t\t<\/div>\r\n\t\t\t\t\t\t<div\r\n\t\t\t\tclass=\"portelement portelement_6 portfolio-lightbox   \" tabindex=\"0\" data-symbol=\"\" data-category=\"alkaline-earth\">\r\n                <p style=\"display:none;\" class=\"load_date\">2018-10-05 19:26:19<\/p>\r\n                <p style=\"display:none;\" class=\"number\">22<\/p>\r\n\t\t\t\t<p style=\"display: none;\" class=\"id\">22<\/p>\r\n\t\t\t\t<div class=\"image-block_6\">\r\n\t\t\t\t\t\t\t\t\t\t\t\t\t\t\t\t\t\t\t\t\t\t\t<a href=\"http:\/\/www.adventure-zone.hr\/hu\/wp-content\/uploads\/sites\/6\/2018\/10\/IMG_8449-1024x768.jpg\"\r\n\t\t\t\t\t\t\t\t   class=\" portfolio-lightbox-group6\"\r\n                                   data-description=\" \"\r\n\t\t\t\t\t\t\t\t   title=\"\">\r\n\t\t\t\t\t\t\t\t\t<img alt=\"\"\r\n\t\t\t\t\t\t\t\t\t     id=\"wd-cl-img2\"\r\n                                         data-title=\" IMG_8449-1024x768\"\r\n\t\t\t\t\t\t\t\t\t     src=\"http:\/\/www.adventure-zone.hr\/hu\/wp-content\/uploads\/sites\/6\/2018\/10\/IMG_8449-1024x768-1024x768.jpg\"\/>\r\n\t\t\t\t\t\t\t\t<\/a>\r\n\t\t\t\t\t\t\t\t\t\t\t\t<\/div>\r\n\t\t\t\t\t\t\t<\/div>\r\n\t\t\t\r\n\t\t<div style=\"clear:both;\"><\/div>\r\n\t<\/div>\r\n\r\n\r\n<\/section><style>\r\n\/***For Lifgtbox Gallery view***\/\r\n.play-icon.youtube-icon  {\r\n    background: url(http:\/\/www.adventure-zone.hr\/hu\/wp-content\/plugins\/portfolio-gallery\/assets\/images\/admin_images\/play.youtube.png) center center no-repeat;\r\n    background-size: 30% 30%;\r\n}\r\n.play-icon.vimeo-icon  {\r\n    background: url(http:\/\/www.adventure-zone.hr\/hu\/wp-content\/plugins\/portfolio-gallery\/assets\/images\/admin_images\/play.vimeo.png) center center no-repeat;\r\n    background-size: 30% 30%;\r\n}\r\n.play-icon {\r\n    position: absolute;\r\n    top: 0;\r\n    left: 0;\r\n    width: 100%;\r\n    height: 100%;\r\n}\r\n\/***<\/add>***\/\r\n.portelement_6 {\r\n    max-width:275px;\r\n    width: 100%;\r\n    margin:0 0 10px 0;\r\n    border:0px solid #eeeeee;\r\n    border-radius:3px;\r\n    outline:none;\r\n    overflow:hidden;\r\n}\r\n\r\n.portelement_6 .image-block_6 {\r\n    position:relative;\r\n    max-width:275px;\r\n    width:100%;\r\n}\r\n.portelement_6 .image-block_6 a {\r\n    border:none;\r\n    display: block;\r\n    cursor: -webkit-zoom-in; cursor: -moz-zoom-in;\r\n}\r\n.portelement_6 .image-block_6 img {\r\n    margin:0 !important;\r\n    padding:0 !important;\r\n    max-width:275px !important;\r\n    width: 100%;\r\n    height:auto;\r\n    display:block;\r\n    border-radius: 0 !important;\r\n    box-shadow: 0 0 0 rgba(0, 0, 0, 0) !important;\r\n}\r\n\r\n.portelement_6 .image-block_6 img:hover {\r\n    cursor: -webkit-zoom-in; cursor: -moz-zoom-in;\r\n}\r\n\r\n.portelement_6 .title-block_6 {\r\n    position:absolute;\r\n    text-overflow: ellipsis;\r\n    overflow: hidden;\r\n    left:0;\r\n    width:100%;\r\n    height: 30px;\r\n    bottom:-31px;\r\n    background: rgba(0,0,0,0.8)  !important;\r\n    -webkit-transition: bottom 0.3s ease-out 0.1s;\r\n    -moz-transition: bottom 0.3s ease-out 0.1s;\r\n    -o-transition: bottom 0.3s ease-out 0.1s;\r\n    transition: bottom 0.3s ease-out 0.1s;\r\n}\r\n\r\n.portelement_6:hover .title-block_6 {bottom:0;}\r\n\r\n.portelement_6 .title-block_6 a, .portelement_6 .title-block_6 a:link, .portelement_6 .title-block_6 a:visited, \r\n.portelement_6 .title-block_6 {\r\n    margin:0;\r\n    padding:0 1% 0 2%;\r\n    text-decoration:none;\r\n    text-overflow: ellipsis;\r\n    overflow: hidden;\r\n    white-space:nowrap;\r\n    z-index:20;\r\n    font-size: 16px;\r\n    color:#0074A2;\r\n    font-weight:normal;\r\n    border: none;\r\n    box-shadow: none;\r\n}\r\n\r\n\r\n\r\n.portelement_6 .title-block_6 a:hover, .portelement_6 .title-block_6 a:focus, .portelement_6 .title-block_6 a:active, \r\n.portelement_6 .title-block_6:hover {\r\n    color:#2EA2CD;\r\n    text-decoration:none;\r\n}\r\n\r\n#huge_it_portfolio_content_6 #huge_it_portfolio_options_6 {\r\n    position: relative;\r\n    overflow: hidden;\r\nfloat:;max-width:180px;width:20%;display:inline-block;margin-left:1%;\r\nopacity: 0;    margin-bottom: 10px;\r\n}\r\n\r\n#huge_it_portfolio_content_6 #huge_it_portfolio_options_6 ul {\r\n    margin: 0 !important;\r\n    padding: 0 !important;\r\n    list-style: none;\r\n}\r\n\r\n#huge_it_portfolio_content_6 #huge_it_portfolio_filters_6 ul {\r\n    margin: 0 !important;\r\n    padding: 0 !important;\r\n    overflow: hidden;\r\n    width: 100%;\r\n}\r\n\r\n#huge_it_portfolio_content_6 #huge_it_portfolio_options_6 ul li {\r\n    border-radius: 0px;\r\n    list-style-type: none;\r\n    margin: 0 !important;\r\n    padding: 0;\r\nborder: 1px solid #ccc;}\r\n\r\n#huge_it_portfolio_content_6 #huge_it_portfolio_options_6 ul li a {\r\n    background-color: #F7F7F7 !important;\r\n    font-size:14px !important;\r\n    color:#555555 !important;\r\n    text-decoration: none;\r\n    cursor: pointer;\r\n    margin: 0 !important;\r\n    display: block;\r\n    padding:3px;\r\n    border-radius: 0px;\r\n}\r\n\r\n\r\n#huge_it_portfolio_content_6 #huge_it_portfolio_options_6 ul li a:hover {\r\n    background-color: #FF3845 !important;\r\n    color:#ffffff !important;\r\n    cursor: pointer;\r\n}\r\n\r\n#huge_it_portfolio_content_6 #huge_it_portfolio_filters_6 {\r\n    float: left;\r\n    position: relative;\r\nfloat:;max-width:180px;width:20%;display:inline-block;margin-left:1%;\r\nopacity: 0;}\r\n\r\n#huge_it_portfolio_content_6 #huge_it_portfolio_filters_6 ul li {\r\n    list-style-type: none;\r\n    border-radius: 0px;\r\nborder: 1px solid #ccc;}\r\n\r\n#huge_it_portfolio_content_6 #huge_it_portfolio_filters_6 ul li a {\r\n    font-size:14px !important;\r\n    color:#555555 !important;\r\n    background-color: #F7F7F7 !important;\r\n    border-radius: 0px;\r\n    padding:3px;\r\n    display: block;\r\n    text-decoration: none;\r\n}\r\n\r\n#huge_it_portfolio_content_6 #huge_it_portfolio_filters_6  ul li a:hover {\r\n    color:#ffffff !important;\r\n    background-color: #FF3845 !important;\r\n    cursor: pointer\r\n}\r\n#huge_it_portfolio_content_6 #huge_it_portfolio_filters_6 ul li.active a,\r\n#huge_it_portfolio_content_6 #huge_it_portfolio_filters_6 ul li.active a:link,\r\n#huge_it_portfolio_content_6 #huge_it_portfolio_filters_6 ul li.active a:visited,\r\n#huge_it_portfolio_content_6 #huge_it_portfolio_filters_6  ul li.active a:hover,\r\n#huge_it_portfolio_content_6 #huge_it_portfolio_filters_6  ul li.active a:focus,\r\n#huge_it_portfolio_content_6 #huge_it_portfolio_filters_6  ul li.active a:active {\r\n    color:#ffffff !important;\r\n    background-color: #FF3845 !important;\r\n    cursor: pointer;\r\n}\r\n#huge_it_portfolio_content_6 section {\r\n    position:relative;\r\n    display:block;\r\n}\r\n\r\n#huge_it_portfolio_content_6 #huge_it_portfolio_container_6 {\r\n    width: 79%;\r\n    max-width: 100%;\r\nwidth:100%;opacity: 0;}\r\n\r\n#port-sort-direction {\r\nfloat: left !important;}\r\n@media screen and (max-width: 768px) {\r\n\r\n    #huge_it_portfolio_content_6 #huge_it_portfolio_filters_6 ul li a,\r\n    #huge_it_portfolio_content_6 #huge_it_portfolio_filters_6 ul li a:link,\r\n    #huge_it_portfolio_content_6 #huge_it_portfolio_filters_6 ul li a:visited {\r\n        font-size: 2vw !important;\r\n    }\r\n    #huge_it_portfolio_content_6 #huge_it_portfolio_options_6 ul li a {\r\n        font-size:2vw !important;\r\n    }\r\n\r\n}\r\n@media screen and (max-width: 480px) {\r\n    #huge_it_portfolio_content_6 #huge_it_portfolio_options_6 {\r\n        float: left;\r\n    }\r\n    #huge_it_portfolio_content_6 #huge_it_portfolio_options_6 #sort-by{\r\n        float: left;\r\n        width: 100% !important;\r\n    }\r\n    #huge_it_portfolio_content_6 #huge_it_portfolio_options_6 #port-sort-direction{\r\n        float: left;\r\n        width: 100% !important;\r\n        position: relative;\r\n        padding-left: 31% !important;\r\n        right: 31%;\r\n    }\r\n    #huge_it_portfolio_content_6 #huge_it_portfolio_filters_6 ul li a,\r\n    #huge_it_portfolio_content_6 #huge_it_portfolio_filters_6 ul li a:link,\r\n    #huge_it_portfolio_content_6 #huge_it_portfolio_filters_6 ul li a:visited {\r\n        font-size: 3vw !important;\r\n    }\r\n    #huge_it_portfolio_content_6 #huge_it_portfolio_options_6 ul li a {\r\n        line-height: 3vw;\r\n        font-size:3vw !important;\r\n    }\r\n}\r\n@media screen and (max-width: 420px) {\r\n\r\n    #huge_it_portfolio_content_6 #huge_it_portfolio_filters_6 ul li a,\r\n    #huge_it_portfolio_content_6 #huge_it_portfolio_filters_6 ul li a:link,\r\n    #huge_it_portfolio_content_6 #huge_it_portfolio_filters_6 ul li a:visited {\r\n        font-size: 4vw !important;\r\n    }\r\n    #huge_it_portfolio_content_6 #huge_it_portfolio_options_6 ul li a {\r\n        font-size:4vw !important;\r\n    }\r\n}\r\n@media screen and (max-width: 315px) {\r\n    .portelement_6  {\r\n        width:98%;\r\n        margin: 1% !important;\r\n        float: left;\r\n        overflow: hidden;\r\n        outline:none;\r\n        border:eeeeeepx solid #D0D0D0;\r\n    }\r\n    .wd-portfolio-panel_6 {\r\n        width: 100% !important;\r\n    }\r\n}\r\n#huge-it-container-loading-overlay_6 {\r\n    width: 100%;\r\n    height: 100%;\r\n    position: absolute;\r\n    z-index: 1;\r\n    background:  url(http:\/\/www.adventure-zone.hr\/hu\/wp-content\/plugins\/portfolio-gallery\/assets\/images\/loading\/loading-1.svg) center top ;\r\n    background-repeat: no-repeat;\r\n    background-size: 60px auto;\r\n}\r\n#huge_it_portfolio_options_and_filters_6 {\r\n    position: relative;\r\n    float: left;\r\n    width: 20%;\r\n    max-width: 180px;\r\n    float:;\r\nmargin-left:1%;}\r\n<\/style>\n","protected":false},"excerpt":{"rendered":"<p>Az Airsoft olyan csapatj\u00e1t\u00e9k, amely hasonl\u00f3 a paintballhoz, a term\u00e9szetben j\u00e1tszott vagy a v\u00e1rosi terepen, a t\u00e1j\u00e9koz\u00f3d\u00e1s, a taktika, a kommunik\u00e1ci\u00f3 \u00e9s a csapatmunka nagyon fontos. Minden j\u00e1t\u00e9k egy egyed\u00fcl\u00e1ll\u00f3 t\u00f6rt\u00e9net, amely szab\u00e1lyokat \u00e9s feladatokat form\u00e1l, \u00e9s a c\u00e9l az adott k\u00fcldet\u00e9s sikeres v\u00e9grehajt\u00e1sa. A j\u00e1t\u00e9k re\u00e1lis replik\u00e1kat \u00e9s egyenruh\u00e1kat haszn\u00e1l, amelyek megfelelnek az id\u0151j\u00e1r\u00e1snak [&hellip;]<\/p>\n","protected":false},"author":1,"featured_media":0,"parent":0,"menu_order":0,"comment_status":"closed","ping_status":"closed","template":"","meta":[],"aioseo_notices":[],"_links":{"self":[{"href":"http:\/\/www.adventure-zone.hr\/hu\/wp-json\/wp\/v2\/pages\/95"}],"collection":[{"href":"http:\/\/www.adventure-zone.hr\/hu\/wp-json\/wp\/v2\/pages"}],"about":[{"href":"http:\/\/www.adventure-zone.hr\/hu\/wp-json\/wp\/v2\/types\/page"}],"author":[{"embeddable":true,"href":"http:\/\/www.adventure-zone.hr\/hu\/wp-json\/wp\/v2\/users\/1"}],"replies":[{"embeddable":true,"href":"http:\/\/www.adventure-zone.hr\/hu\/wp-json\/wp\/v2\/comments?post=95"}],"version-history":[{"count":1,"href":"http:\/\/www.adventure-zone.hr\/hu\/wp-json\/wp\/v2\/pages\/95\/revisions"}],"predecessor-version":[{"id":96,"href":"http:\/\/www.adventure-zone.hr\/hu\/wp-json\/wp\/v2\/pages\/95\/revisions\/96"}],"wp:attachment":[{"href":"http:\/\/www.adventure-zone.hr\/hu\/wp-json\/wp\/v2\/media?parent=95"}],"curies":[{"name":"wp","href":"https:\/\/api.w.org\/{rel}","templated":true}]}}