{"id":99,"date":"2018-10-04T20:50:47","date_gmt":"2018-10-04T19:50:47","guid":{"rendered":"http:\/\/www.adventure-zone.hr\/hu\/?page_id=99"},"modified":"2018-10-04T21:31:32","modified_gmt":"2018-10-04T20:31:32","slug":"lepjen-kapcsolatba-velunk","status":"publish","type":"page","link":"http:\/\/www.adventure-zone.hr\/hu\/lepjen-kapcsolatba-velunk\/","title":{"rendered":"L\u00e9pjen kapcsolatba vel\u00fcnk"},"content":{"rendered":"<div id=\"kontakt\" style=\"float: left;width: 300px\">\n<div class=\"wpcf7 no-js\" id=\"wpcf7-f139-o1\" lang=\"en-US\" dir=\"ltr\">\n<div class=\"screen-reader-response\"><p role=\"status\" aria-live=\"polite\" aria-atomic=\"true\"><\/p> <ul><\/ul><\/div>\n<form action=\"\/hu\/wp-json\/wp\/v2\/pages\/99#wpcf7-f139-o1\" method=\"post\" class=\"wpcf7-form init\" aria-label=\"Contact form\" novalidate=\"novalidate\" data-status=\"init\">\n<div style=\"display: none;\">\n<input type=\"hidden\" name=\"_wpcf7\" value=\"139\" \/>\n<input type=\"hidden\" name=\"_wpcf7_version\" value=\"5.7.4\" \/>\n<input type=\"hidden\" name=\"_wpcf7_locale\" value=\"en_US\" \/>\n<input type=\"hidden\" name=\"_wpcf7_unit_tag\" value=\"wpcf7-f139-o1\" \/>\n<input type=\"hidden\" name=\"_wpcf7_container_post\" value=\"0\" \/>\n<input type=\"hidden\" name=\"_wpcf7_posted_data_hash\" value=\"\" \/>\n<\/div>\n<p><label> Az \u00d6n neve (k\u00f6telez\u0151 mez\u0151)<br \/>\n<span class=\"wpcf7-form-control-wrap\" data-name=\"your-name\"><input size=\"40\" class=\"wpcf7-form-control wpcf7-text wpcf7-validates-as-required\" aria-required=\"true\" aria-invalid=\"false\" value=\"\" type=\"text\" name=\"your-name\" \/><\/span> <\/label>\n<\/p>\n<p><label> Az \u00d6n e-mailje (k\u00f6telez\u0151 mez\u0151)<br \/>\n<span class=\"wpcf7-form-control-wrap\" data-name=\"your-email\"><input size=\"40\" class=\"wpcf7-form-control wpcf7-text wpcf7-email wpcf7-validates-as-required wpcf7-validates-as-email\" aria-required=\"true\" aria-invalid=\"false\" value=\"\" type=\"email\" name=\"your-email\" \/><\/span> <\/label>\n<\/p>\n<p><label> Kapcsolatfelv\u00e9teli sz\u00e1m (k\u00f6telez\u0151 mez\u0151)<br \/>\n<span class=\"wpcf7-form-control-wrap\" data-name=\"Broj-mobitela\"><input size=\"40\" class=\"wpcf7-form-control wpcf7-text wpcf7-tel wpcf7-validates-as-required wpcf7-validates-as-tel\" aria-required=\"true\" aria-invalid=\"false\" value=\"\" type=\"tel\" name=\"Broj-mobitela\" \/><\/span> <\/label>\n<\/p>\n<p><label> A lek\u00e9rdez\u00e9s kapcsolatban \u00e1ll:<br \/>\n<span class=\"wpcf7-form-control-wrap\" data-name=\"menu-185\"><select class=\"wpcf7-form-control wpcf7-select\" aria-invalid=\"false\" name=\"menu-185\"><option value=\"\">&#8212;Please choose an option&#8212;<\/option><option value=\"Csapat\u00e9p\u00edt\u0151 program\">Csapat\u00e9p\u00edt\u0151 program<\/option><option value=\"Airsoft\">Airsoft<\/option><option value=\"Ax dob\u00e1s\">Ax dob\u00e1s<\/option><option value=\"Csal\u00e1di ker\u00e9kp\u00e1r\">Csal\u00e1di ker\u00e9kp\u00e1r<\/option><option value=\"Ember asztali foci\">Ember asztali foci<\/option><option value=\"GPS vad\u00e1szat\">GPS vad\u00e1szat<\/option><option value=\"Harci \u00edj\u00e1szat\">Harci \u00edj\u00e1szat<\/option><option value=\"\u00cdj\u00e1szat\">\u00cdj\u00e1szat<\/option><option value=\"JT splatmaster\">JT splatmaster<\/option><option value=\"Olimpiai j\u00e1t\u00e9kok a r\u00e9gi sportok\">Olimpiai j\u00e1t\u00e9kok a r\u00e9gi sportok<\/option><option value=\"Paintball\">Paintball<\/option><option value=\"Quad\/ATV\">Quad\/ATV<\/option><option value=\"Terep\">Terep<\/option><option value=\"M\u00c1S\">M\u00c1S<\/option><\/select><\/span> <\/label>\n<\/p>\n<p><label> Az \u00fczeneted:<br \/>\n<span class=\"wpcf7-form-control-wrap\" data-name=\"your-message\"><textarea cols=\"40\" rows=\"10\" class=\"wpcf7-form-control wpcf7-textarea\" aria-invalid=\"false\" name=\"your-message\"><\/textarea><\/span> <\/label>\n<\/p>\n<p><input class=\"wpcf7-form-control has-spinner wpcf7-submit\" type=\"submit\" value=\"Elk\u00fcld\" \/>\n<\/p><div class=\"wpcf7-response-output\" aria-hidden=\"true\"><\/div>\n<\/form>\n<\/div>\n<\/div>\n<div id=\"o-nama\">\n<p>Adventure zone j.d.o.o.<br \/>\nTrg bana Josipa Jela\u010di\u0107a 30<br \/>\n31000 Osijek<br \/>\nHorv\u00e1torsz\u00e1g<br \/>\nVAT: HR24818876624<br \/>\nIgor Ili\u0107 &#8211; +385(0)98 682 508<\/p>\n<\/div>\n","protected":false},"excerpt":{"rendered":"<p>Adventure zone j.d.o.o. Trg bana Josipa Jela\u010di\u0107a 30 31000 Osijek Horv\u00e1torsz\u00e1g VAT: HR24818876624 Igor Ili\u0107 &#8211; +385(0)98 682 508<\/p>\n","protected":false},"author":1,"featured_media":0,"parent":0,"menu_order":0,"comment_status":"closed","ping_status":"closed","template":"","meta":[],"aioseo_notices":[],"_links":{"self":[{"href":"http:\/\/www.adventure-zone.hr\/hu\/wp-json\/wp\/v2\/pages\/99"}],"collection":[{"href":"http:\/\/www.adventure-zone.hr\/hu\/wp-json\/wp\/v2\/pages"}],"about":[{"href":"http:\/\/www.adventure-zone.hr\/hu\/wp-json\/wp\/v2\/types\/page"}],"author":[{"embeddable":true,"href":"http:\/\/www.adventure-zone.hr\/hu\/wp-json\/wp\/v2\/users\/1"}],"replies":[{"embeddable":true,"href":"http:\/\/www.adventure-zone.hr\/hu\/wp-json\/wp\/v2\/comments?post=99"}],"version-history":[{"count":3,"href":"http:\/\/www.adventure-zone.hr\/hu\/wp-json\/wp\/v2\/pages\/99\/revisions"}],"predecessor-version":[{"id":141,"href":"http:\/\/www.adventure-zone.hr\/hu\/wp-json\/wp\/v2\/pages\/99\/revisions\/141"}],"wp:attachment":[{"href":"http:\/\/www.adventure-zone.hr\/hu\/wp-json\/wp\/v2\/media?parent=99"}],"curies":[{"name":"wp","href":"https:\/\/api.w.org\/{rel}","templated":true}]}}